{"id":1736,"date":"2022-05-18T12:43:27","date_gmt":"2022-05-18T12:43:27","guid":{"rendered":"http:\/\/www.112canarias.com\/112\/?page_id=1736"},"modified":"2025-04-25T08:22:37","modified_gmt":"2025-04-25T08:22:37","slug":"simulacros-y-preventivos","status":"publish","type":"page","link":"https:\/\/www.112canarias.com\/112\/centro-coordinador\/simulacros-y-preventivos\/","title":{"rendered":"Simulacros y Preventivos"},"content":{"rendered":"<p>[vc_row css_animation=\u00bb\u00bb row_type=\u00bbrow\u00bb use_row_as_full_screen_section=\u00bbno\u00bb type=\u00bbfull_width\u00bb angled_section=\u00bbno\u00bb text_align=\u00bbleft\u00bb background_image_as_pattern=\u00bbwithout_pattern\u00bb z_index=\u00bb\u00bb][vc_column width=\u00bb1\/6&#8243; css=\u00bb.vc_custom_1654263078822{background-image: url(https:\/\/www.112canarias.com\/112\/wp-content\/uploads\/2022\/06\/Simulacros-y-preventivos.jpg?id=1946) !important;background-position: center !important;background-repeat: no-repeat !important;background-size: cover !important;}\u00bb offset=\u00bbvc_hidden-xs\u00bb][vc_row_inner row_type=\u00bbrow\u00bb type=\u00bbfull_width\u00bb text_align=\u00bbleft\u00bb css_animation=\u00bb\u00bb][vc_column_inner offset=\u00bbvc_hidden-xs\u00bb][vc_empty_space height=\u00bb700px\u00bb][\/vc_column_inner][vc_column_inner offset=\u00bbvc_hidden-lg vc_hidden-md vc_hidden-sm\u00bb][vc_empty_space height=\u00bb400px\u00bb][\/vc_column_inner][\/vc_row_inner][\/vc_column][vc_column width=\u00bb2\/3&#8243;][vc_empty_space height=\u00bb100px\u00bb][vc_row_inner row_type=\u00bbrow\u00bb type=\u00bbfull_width\u00bb text_align=\u00bbleft\u00bb css_animation=\u00bb\u00bb][vc_column_inner width=\u00bb1\/12&#8243;][\/vc_column_inner][vc_column_inner el_class=\u00bbpadding\u00bb width=\u00bb10\/12&#8243;][vc_column_text][\/vc_column_text][vc_empty_space height=\u00bb20px\u00bb][vc_column_text]<strong>Simulacros<\/strong><\/p>\n<p>Ser\u00e1n obligatorios, con una periodicidad m\u00ednima anual, para los establecimientos incluidos en el Decreto 67\/2015, de 30 de abril, por el que se aprueba el Reglamento de Autoprotecci\u00f3n exigible a determinadas actividades, centros o establecimientos que puedan dar origen a situaciones de emergencia en la Comunidad Aut\u00f3noma de Canarias, exceptuando las actividades desarrolladas al aire libre de car\u00e1cter espor\u00e1dico o festivo.<\/p>\n<p>La notificaci\u00f3n al CECOES 112 se ha de efectuar como m\u00ednimo con 48 horas de antelaci\u00f3n mediante el env\u00edo del formulario. Le recordamos que en caso de realizar llamada al 112, debe indicar que se trata de un simulacro para gestionarlo de manera adecuada.<\/p>\n<p><strong>El env\u00edo del formulario al CECOES 112 se realiza exclusivamente a afectos operativos para una coordinaci\u00f3n efectiva. Se deber\u00e1 tener en cuenta que el CECOES 112 no gestiona la participaci\u00f3n de ning\u00fan organismo y que solo proceder\u00e1 a su activaci\u00f3n si la organizaci\u00f3n del simulacro lo ha confirmado previamente.<\/strong>[\/vc_column_text][vc_empty_space height=\u00bb20px\u00bb]<a  itemprop=\"url\" href=\"https:\/\/gsc-112.laycos.net?jas=59c632ce2b462298bb1b08dcd311df71\" target=\"_blank\"  class=\"qbutton  medium center default\" style=\"color: #ffffff; \">Rellenar formulario<i class=\"qode_icon_font_awesome fa fa-download qode_button_icon_element\" style=\"color: #ffffff;\" ><\/i><\/a>[vc_empty_space height=\u00bb70px\u00bb][vc_column_text]<strong>Preventivos y Eventos<\/strong><\/p>\n<p>Los eventos o actividades temporales, atendiendo a su naturaleza y a la identificaci\u00f3n de los riesgos previsibles requieren, a efectos de planificaci\u00f3n, establecer un conjunto de medidas que garanticen la adecuada cobertura en materia de seguridad y emergencias.<\/p>\n<p>La notificaci\u00f3n al CECOES 112 se ha de efectuar como m\u00ednimo con 48 horas de antelaci\u00f3n mediante el env\u00edo del formulario. Se requiere aportar los datos m\u00ednimos que sinteticen la informaci\u00f3n del Plan de Actuaci\u00f3n con el fin de agilizar, optimizar y coordinar la ayuda externa en caso de emergencia.<\/p>\n<p><strong>El env\u00edo del formulario al CECOES 112 as\u00ed como otra documentaci\u00f3n vinculada al evento, se realiza exclusivamente a afectos operativos para una adecuada coordinaci\u00f3n. <\/strong><strong>En ning\u00fan caso debe entenderse como notificaci\u00f3n a los \u00f3rganos competentes que deban autorizar, inspeccionar o supervisar la actividad.<\/strong>[\/vc_column_text][vc_empty_space height=\u00bb20px\u00bb]<a  itemprop=\"url\" href=\"https:\/\/gsc-112.laycos.net?jas=f3c3c2513d3068934fdf3ff0943882b8\" target=\"_blank\"  class=\"qbutton  medium center default\" style=\"color: #ffffff; \">Rellenar formulario<i class=\"qode_icon_font_awesome fa fa-download qode_button_icon_element\" style=\"color: #ffffff;\" ><\/i><\/a>[\/vc_column_inner][vc_column_inner el_class=\u00bbpadding\u00bb width=\u00bb1\/12&#8243;][vc_empty_space height=\u00bb30px\u00bb][\/vc_column_inner][\/vc_row_inner][vc_empty_space height=\u00bb100px\u00bb][vc_row_inner row_type=\u00bbrow\u00bb type=\u00bbfull_width\u00bb text_align=\u00bbleft\u00bb css_animation=\u00bb\u00bb][vc_column_inner width=\u00bb1\/12&#8243;][\/vc_column_inner][vc_column_inner el_class=\u00bbpadding\u00bb width=\u00bb10\/12&#8243;][vc_column_text][\/vc_column_text][\/vc_column_inner][vc_column_inner el_class=\u00bbpadding\u00bb width=\u00bb1\/12&#8243;][vc_empty_space height=\u00bb30px\u00bb][\/vc_column_inner][\/vc_row_inner][vc_empty_space height=\u00bb70px\u00bb][\/vc_column][vc_column width=\u00bb1\/6&#8243;][\/vc_column][\/vc_row][vc_row css_animation=\u00bb\u00bb row_type=\u00bbrow\u00bb use_row_as_full_screen_section=\u00bbno\u00bb type=\u00bbfull_width\u00bb angled_section=\u00bbno\u00bb text_align=\u00bbleft\u00bb background_image_as_pattern=\u00bbwithout_pattern\u00bb][vc_column][\/vc_column][\/vc_row]<\/p>\n<div class=\"print\"><span class=\"page_title\">P\u00e1gina: <span>Simulacros y Preventivos<\/span><\/span>\n\t\t\t\t\t\t\t\t\t\t\t<span class=\"stmp_trans_date\">\u00daltima actualizaci\u00f3n: <span>25\/04\/2025 - 08:22:37<\/span><\/span>\n\t\t\t\t\t\t\t\t\t\t\t<span class=\"stmp_trans_date\">Fecha publicaci\u00f3n: <span>18\/05\/2022 - 12:43:27<\/span><\/span>\n\t\t\t\t\t\t\t\t\t\t\t<span class=\"stmp_trans_date\">Fecha creaci\u00f3n: <span>18\/05\/2022 - 12:43:27<\/span><\/span><\/div>","protected":false},"excerpt":{"rendered":"<p>[vc_row css_animation=\u00bb\u00bb row_type=\u00bbrow\u00bb use_row_as_full_screen_section=\u00bbno\u00bb type=\u00bbfull_width\u00bb angled_section=\u00bbno\u00bb text_align=\u00bbleft\u00bb background_image_as_pattern=\u00bbwithout_pattern\u00bb z_index=\u00bb\u00bb][vc_column width=\u00bb1\/6&#8243; css=\u00bb.vc_custom_1654263078822{background-image: url(https:\/\/www.112canarias.com\/112\/wp-content\/uploads\/2022\/06\/Simulacros-y-preventivos.jpg?id=1946) !important;background-position: center !important;background-repeat: no-repeat !important;background-size: cover !important;}\u00bb offset=\u00bbvc_hidden-xs\u00bb][vc_row_inner row_type=\u00bbrow\u00bb type=\u00bbfull_width\u00bb text_align=\u00bbleft\u00bb css_animation=\u00bb\u00bb][vc_column_inner offset=\u00bbvc_hidden-xs\u00bb][vc_empty_space height=\u00bb700px\u00bb][\/vc_column_inner][vc_column_inner offset=\u00bbvc_hidden-lg vc_hidden-md vc_hidden-sm\u00bb][vc_empty_space height=\u00bb400px\u00bb][\/vc_column_inner][\/vc_row_inner][\/vc_column][vc_column width=\u00bb2\/3&#8243;][vc_empty_space height=\u00bb100px\u00bb][vc_row_inner row_type=\u00bbrow\u00bb type=\u00bbfull_width\u00bb text_align=\u00bbleft\u00bb css_animation=\u00bb\u00bb][vc_column_inner width=\u00bb1\/12&#8243;][\/vc_column_inner][vc_column_inner el_class=\u00bbpadding\u00bb width=\u00bb10\/12&#8243;][vc_column_text][\/vc_column_text][vc_empty_space height=\u00bb20px\u00bb][vc_column_text]Simulacros Ser\u00e1n obligatorios, con una periodicidad&#8230;<\/p>\n","protected":false},"author":1,"featured_media":0,"parent":41,"menu_order":0,"comment_status":"closed","ping_status":"closed","template":"full_width.php","meta":{"footnotes":""},"class_list":["post-1736","page","type-page","status-publish","has-post-thumbnail","hentry"],"_links":{"self":[{"href":"https:\/\/www.112canarias.com\/112\/wp-json\/wp\/v2\/pages\/1736","targetHints":{"allow":["GET"]}}],"collection":[{"href":"https:\/\/www.112canarias.com\/112\/wp-json\/wp\/v2\/pages"}],"about":[{"href":"https:\/\/www.112canarias.com\/112\/wp-json\/wp\/v2\/types\/page"}],"author":[{"embeddable":true,"href":"https:\/\/www.112canarias.com\/112\/wp-json\/wp\/v2\/users\/1"}],"replies":[{"embeddable":true,"href":"https:\/\/www.112canarias.com\/112\/wp-json\/wp\/v2\/comments?post=1736"}],"version-history":[{"count":52,"href":"https:\/\/www.112canarias.com\/112\/wp-json\/wp\/v2\/pages\/1736\/revisions"}],"predecessor-version":[{"id":9160,"href":"https:\/\/www.112canarias.com\/112\/wp-json\/wp\/v2\/pages\/1736\/revisions\/9160"}],"up":[{"embeddable":true,"href":"https:\/\/www.112canarias.com\/112\/wp-json\/wp\/v2\/pages\/41"}],"wp:attachment":[{"href":"https:\/\/www.112canarias.com\/112\/wp-json\/wp\/v2\/media?parent=1736"}],"curies":[{"name":"wp","href":"https:\/\/api.w.org\/{rel}","templated":true}]}}