{"id":1755,"date":"2022-05-20T12:58:46","date_gmt":"2022-05-20T12:58:46","guid":{"rendered":"http:\/\/www.112canarias.com\/112\/?page_id=1755"},"modified":"2023-03-24T09:42:53","modified_gmt":"2023-03-24T09:42:53","slug":"insidentes","status":"publish","type":"page","link":"https:\/\/www.112canarias.com\/112\/insidentes\/","title":{"rendered":"incidentes"},"content":{"rendered":"<p>[vc_row css_animation=\u00bb\u00bb row_type=\u00bbrow\u00bb use_row_as_full_screen_section=\u00bbno\u00bb type=\u00bbfull_width\u00bb angled_section=\u00bbno\u00bb text_align=\u00bbleft\u00bb background_image_as_pattern=\u00bbwithout_pattern\u00bb][vc_column][vc_empty_space height=\u00bb100px\u00bb][vc_column_text]<div class=\"wp-rss-template-container\" data-wpra-template=\"default\" data-template-ctx=\"W10=\">\n    <div class=\"wp-rss-aggregator wpra-list-template  \" data-page=\"1\">\n    \n    \n<ul class=\"wpra-item-list rss-aggregator wpra-item-list--bullets wpra-item-list--default\"\n    start=\"1\">\n                        <li class=\"wpra-item feed-item \">\n            \n            \n\n    <a  href=\"https:\/\/www3.gobiernodecanarias.org\/noticias\/recuperado-de-una-parada-cardiorrespiratoria-en-estado-critico-tras-su-rescate-del-mar-en-gran-canaria\/\" target=\"_blank\" rel=\"nofollow\" class=\"\">Recuperado de una parada cardiorrespiratoria en estado cr\u00edtico tras su rescate del mar en Gran Canaria<\/a>\n\n\n\n\n\n\n<div class=\"wprss-feed-meta\">\n            <span class=\"feed-source\">\n            Source:\n\n                            Portal de Noticias del Gobierno de Canarias\n                    <\/span>\n    \n            <span class=\"feed-date\">\n            Published on 2026-04-15\n        <\/span>\n    \n    <\/div>\n\n\n\n\n\n            \n        <\/li>\n                    <li class=\"wpra-item feed-item \">\n            \n            \n\n    <a  href=\"https:\/\/www3.gobiernodecanarias.org\/noticias\/una-senderista-herida-tras-sufrir-una-caida-en-tenerife-2\/\" target=\"_blank\" rel=\"nofollow\" class=\"\">Una senderista herida tras sufrir una ca\u00edda en Tenerife<\/a>\n\n\n\n\n\n\n<div class=\"wprss-feed-meta\">\n            <span class=\"feed-source\">\n            Source:\n\n                            Portal de Noticias del Gobierno de Canarias\n                    <\/span>\n    \n            <span class=\"feed-date\">\n            Published on 2026-04-14\n        <\/span>\n    \n    <\/div>\n\n\n\n\n\n            \n        <\/li>\n                    <li class=\"wpra-item feed-item \">\n            \n            \n\n    <a  href=\"https:\/\/www3.gobiernodecanarias.org\/noticias\/rescatado-un-senderista-herido-tras-sufrir-una-caida-en-la-gomera-2\/\" target=\"_blank\" rel=\"nofollow\" class=\"\">Rescatado un senderista herido tras sufrir una ca\u00edda en La Gomera<\/a>\n\n\n\n\n\n\n<div class=\"wprss-feed-meta\">\n            <span class=\"feed-source\">\n            Source:\n\n                            Portal de Noticias del Gobierno de Canarias\n                    <\/span>\n    \n            <span class=\"feed-date\">\n            Published on 2026-04-13\n        <\/span>\n    \n    <\/div>\n\n\n\n\n\n            \n        <\/li>\n                    <li class=\"wpra-item feed-item \">\n            \n            \n\n    <a  href=\"https:\/\/www3.gobiernodecanarias.org\/noticias\/herido-un-motorista-al-sufrir-una-caida-en-gran-canaria\/\" target=\"_blank\" rel=\"nofollow\" class=\"\">Herido un motorista al sufrir una ca\u00edda en Gran Canaria<\/a>\n\n\n\n\n\n\n<div class=\"wprss-feed-meta\">\n            <span class=\"feed-source\">\n            Source:\n\n                            Portal de Noticias del Gobierno de Canarias\n                    <\/span>\n    \n            <span class=\"feed-date\">\n            Published on 2026-04-13\n        <\/span>\n    \n    <\/div>\n\n\n\n\n\n            \n        <\/li>\n                    <li class=\"wpra-item feed-item \">\n            \n            \n\n    <a  href=\"https:\/\/www3.gobiernodecanarias.org\/noticias\/recuperado-de-una-parada-cardiorrespiratoria-en-una-via-publica-de-tenerife\/\" target=\"_blank\" rel=\"nofollow\" class=\"\">Recuperado de una parada cardiorrespiratoria en una v\u00eda p\u00fablica de Tenerife<\/a>\n\n\n\n\n\n\n<div class=\"wprss-feed-meta\">\n            <span class=\"feed-source\">\n            Source:\n\n                            Portal de Noticias del Gobierno de Canarias\n                    <\/span>\n    \n            <span class=\"feed-date\">\n            Published on 2026-04-13\n        <\/span>\n    \n    <\/div>\n\n\n\n\n\n            \n        <\/li>\n        <\/ul>\n\n        \n<\/div>\n\n<\/div>\n[\/vc_column_text][vc_empty_space height=\u00bb100px\u00bb][\/vc_column][\/vc_row]<\/p>\n<div class=\"print\"><span class=\"page_title\">P\u00e1gina: <span>incidentes<\/span><\/span>\n\t\t\t\t\t\t\t\t\t\t\t<span class=\"stmp_trans_date\">\u00daltima actualizaci\u00f3n: <span>24\/03\/2023 - 09:42:53<\/span><\/span>\n\t\t\t\t\t\t\t\t\t\t\t<span class=\"stmp_trans_date\">Fecha publicaci\u00f3n: <span>20\/05\/2022 - 12:58:46<\/span><\/span>\n\t\t\t\t\t\t\t\t\t\t\t<span class=\"stmp_trans_date\">Fecha creaci\u00f3n: <span>20\/05\/2022 - 12:58:46<\/span><\/span><\/div>","protected":false},"excerpt":{"rendered":"<p>[vc_row css_animation=\u00bb\u00bb row_type=\u00bbrow\u00bb use_row_as_full_screen_section=\u00bbno\u00bb type=\u00bbfull_width\u00bb angled_section=\u00bbno\u00bb text_align=\u00bbleft\u00bb background_image_as_pattern=\u00bbwithout_pattern\u00bb][vc_column][vc_empty_space height=\u00bb100px\u00bb][vc_column_text][\/vc_column_text][vc_empty_space height=\u00bb100px\u00bb][\/vc_column][\/vc_row] P\u00e1gina: incidentes \u00daltima actualizaci\u00f3n: 24\/03\/2023 &#8211; 09:42:53 Fecha publicaci\u00f3n: 20\/05\/2022 &#8211; 12:58:46 Fecha creaci\u00f3n: 20\/05\/2022 &#8211; 12:58:46<\/p>\n","protected":false},"author":1,"featured_media":0,"parent":0,"menu_order":0,"comment_status":"closed","ping_status":"closed","template":"","meta":{"footnotes":""},"class_list":["post-1755","page","type-page","status-publish","has-post-thumbnail","hentry"],"_links":{"self":[{"href":"https:\/\/www.112canarias.com\/112\/wp-json\/wp\/v2\/pages\/1755","targetHints":{"allow":["GET"]}}],"collection":[{"href":"https:\/\/www.112canarias.com\/112\/wp-json\/wp\/v2\/pages"}],"about":[{"href":"https:\/\/www.112canarias.com\/112\/wp-json\/wp\/v2\/types\/page"}],"author":[{"embeddable":true,"href":"https:\/\/www.112canarias.com\/112\/wp-json\/wp\/v2\/users\/1"}],"replies":[{"embeddable":true,"href":"https:\/\/www.112canarias.com\/112\/wp-json\/wp\/v2\/comments?post=1755"}],"version-history":[{"count":4,"href":"https:\/\/www.112canarias.com\/112\/wp-json\/wp\/v2\/pages\/1755\/revisions"}],"predecessor-version":[{"id":3647,"href":"https:\/\/www.112canarias.com\/112\/wp-json\/wp\/v2\/pages\/1755\/revisions\/3647"}],"wp:attachment":[{"href":"https:\/\/www.112canarias.com\/112\/wp-json\/wp\/v2\/media?parent=1755"}],"curies":[{"name":"wp","href":"https:\/\/api.w.org\/{rel}","templated":true}]}}