{"id":191,"date":"2022-02-28T12:21:28","date_gmt":"2022-02-28T12:21:28","guid":{"rendered":"http:\/\/www.112canarias.com\/112\/?page_id=191"},"modified":"2025-06-04T07:11:06","modified_gmt":"2025-06-04T07:11:06","slug":"centros-112-espana","status":"publish","type":"page","link":"https:\/\/www.112canarias.com\/112\/centros-112-espana\/","title":{"rendered":"Centros 112 Espa\u00f1a"},"content":{"rendered":"<p>[vc_row css_animation=\u00bb\u00bb row_type=\u00bbrow\u00bb use_row_as_full_screen_section=\u00bbno\u00bb type=\u00bbfull_width\u00bb angled_section=\u00bbno\u00bb text_align=\u00bbleft\u00bb background_image_as_pattern=\u00bbwithout_pattern\u00bb][vc_column width=\u00bb1\/6&#8243; css=\u00bb.vc_custom_1681150508574{background-image: url(https:\/\/www.112canarias.com\/112\/wp-content\/uploads\/2023\/04\/230209_GSC_GC_ACAN_TC_97.jpg?id=3939) !important;background-position: center !important;background-repeat: no-repeat !important;background-size: cover !important;}\u00bb][vc_row_inner row_type=\u00bbrow\u00bb type=\u00bbfull_width\u00bb text_align=\u00bbleft\u00bb css_animation=\u00bb\u00bb][vc_column_inner offset=\u00bbvc_hidden-xs\u00bb][vc_empty_space height=\u00bb450px\u00bb][\/vc_column_inner][vc_column_inner offset=\u00bbvc_hidden-lg vc_hidden-md vc_hidden-sm\u00bb][vc_empty_space height=\u00bb400px\u00bb][\/vc_column_inner][\/vc_row_inner][\/vc_column][vc_column width=\u00bb2\/3&#8243;][vc_empty_space height=\u00bb100px\u00bb][vc_row_inner row_type=\u00bbrow\u00bb type=\u00bbfull_width\u00bb text_align=\u00bbleft\u00bb css_animation=\u00bb\u00bb][vc_column_inner el_class=\u00bbpadding\u00bb width=\u00bb1\/12&#8243;][\/vc_column_inner][vc_column_inner el_class=\u00bbpadding\u00bb width=\u00bb10\/12&#8243;][vc_empty_space height=\u00bb30px\u00bb][vc_column_text]El foro de centros 112 lo forman las diferentes comunidades aut\u00f3nomas que cuentan con este servicio de emergencias y cada a\u00f1o mantienen reuniones para analizar los avances de las comisiones de trabajo, intercambiar experiencias e iniciativas puestas en pr\u00e1ctica en el \u00e1mbito de la atenci\u00f3n de emergencias, as\u00ed como definir las l\u00edneas de futuro en este campo.<\/p>\n<p>Los asistentes debaten sobre las l\u00edneas de trabajo que se emplean en sus regiones, consolidando as\u00ed relaciones en materia de intercambio tecnol\u00f3gico de \u00faltima generaci\u00f3n y sobre los distintos modelos de gesti\u00f3n de la emergencia.<\/p>\n<p>Este tipo de sesiones se viene desarrollando desde hace ya una d\u00e9cada y su misi\u00f3n consiste, fundamentalmente, en compartir experiencias y tratar diferentes aspectos de la gesti\u00f3n de la emergencia. Los contactos entre los diferentes responsables t\u00e9cnicos son fundamentales para conseguir que se produzca un intercambio fluido de informaci\u00f3n y lograr mejorar el servicio al ciudadano.[\/vc_column_text][vc_empty_space height=\u00bb30px\u00bb][\/vc_column_inner][vc_column_inner width=\u00bb1\/12&#8243;][\/vc_column_inner][\/vc_row_inner][vc_empty_space height=\u00bb70px\u00bb][\/vc_column][vc_column width=\u00bb1\/6&#8243;][\/vc_column][\/vc_row][vc_row css_animation=\u00bb\u00bb row_type=\u00bbrow\u00bb use_row_as_full_screen_section=\u00bbno\u00bb type=\u00bbgrid\u00bb angled_section=\u00bbno\u00bb text_align=\u00bbleft\u00bb background_image_as_pattern=\u00bbwithout_pattern\u00bb z_index=\u00bb\u00bb css=\u00bb.vc_custom_1649672915813{background-color: #ffffff !important;}\u00bb][vc_column width=\u00bb1\/12&#8243;][\/vc_column][vc_column width=\u00bb10\/12&#8243;][vc_empty_space height=\u00bb70px\u00bb][vc_row_inner row_type=\u00bbrow\u00bb type=\u00bbfull_width\u00bb text_align=\u00bbleft\u00bb css_animation=\u00bb\u00bb][vc_column_inner width=\u00bb1\/4&#8243;][vc_column_text]<a href=\"https:\/\/www.juntadeandalucia.es\/organismos\/ema\/areas\/emergencias-112.html\" target=\"_blank\" rel=\"noopener\"> \u00a0<\/a><a href=\"https:\/\/www.juntadeandalucia.es\/organismos\/ema\/areas\/emergencias-112.html\">Andaluc\u00eda<\/a><br \/>\n<a href=\"https:\/\/112aragon.aragon.es\/\" target=\"_blank\" rel=\"noopener\"> \u00a0Arag\u00f3n<\/a><br \/>\n<a href=\"http:\/\/www.112asturias.es\/v_portal\/apartados\/apartado.asp\" target=\"_blank\" rel=\"noopener\"><img loading=\"lazy\" decoding=\"async\" class=\"alignnone wp-image-445\" src=\"https:\/\/www.112canarias.com\/112\/wp-content\/uploads\/2022\/04\/40px-Flag_of_Asturias.svg.webp\" alt=\"\" width=\"21\" height=\"14\" \/> \u00a0Principado de Asturias<\/a><br \/>\n<a href=\"http:\/\/www.caib.es\/sites\/112\/ca\/112_illes_balears-7013\/\" target=\"_blank\" rel=\"noopener\"><img loading=\"lazy\" decoding=\"async\" class=\"alignnone wp-image-446\" src=\"https:\/\/www.112canarias.com\/112\/wp-content\/uploads\/2022\/04\/Flag_of_the_Balearic_Islands.svg.png\" alt=\"\" width=\"21\" height=\"14\" \/> \u00a0Islas Baleares<\/a><br \/>\n<a href=\"https:\/\/www.112canarias.com\/112\/\" target=\"_blank\" rel=\"noopener\"><img loading=\"lazy\" decoding=\"async\" class=\"alignnone wp-image-447\" src=\"https:\/\/www.112canarias.com\/112\/wp-content\/uploads\/2022\/04\/40px-Flag_of_the_Canary_Islands_simple.svg.webp\" alt=\"\" width=\"21\" height=\"14\" \/>\u00a0 Canarias<\/a><br \/>\n<a href=\"https:\/\/112.cantabria.es\/\" target=\"_blank\" rel=\"noopener\"><img loading=\"lazy\" decoding=\"async\" class=\"alignnone wp-image-448\" src=\"https:\/\/www.112canarias.com\/112\/wp-content\/uploads\/2022\/04\/40px-Flag_of_Cantabria_Official.svg.webp\" alt=\"\" width=\"21\" height=\"14\" \/>\u00a0 Cantabria<\/a><br \/>\n<a href=\"https:\/\/112.castillalamancha.es\/\" target=\"_blank\" rel=\"noopener\"><img loading=\"lazy\" decoding=\"async\" class=\"alignnone wp-image-449\" src=\"https:\/\/www.112canarias.com\/112\/wp-content\/uploads\/2022\/04\/Flag_of_Castile-La_Mancha.svg.png\" alt=\"\" width=\"21\" height=\"14\" \/>\u00a0 Castilla La Mancha<\/a><br \/>\n<a href=\"https:\/\/112.jcyl.es\/web\/es\/emergencias-castilla-leon.html\" target=\"_blank\" rel=\"noopener\"><img loading=\"lazy\" decoding=\"async\" class=\"alignnone wp-image-450\" src=\"https:\/\/www.112canarias.com\/112\/wp-content\/uploads\/2022\/04\/40px-Flag_of_Castile_and_Leon.svg.webp\" alt=\"\" width=\"21\" height=\"16\" \/>\u00a0 Castilla y Le\u00f3n<\/a><br \/>\n<a href=\"https:\/\/112.gencat.cat\/ca\/inici\/\" target=\"_blank\" rel=\"noopener\"><img loading=\"lazy\" decoding=\"async\" class=\"alignnone wp-image-451\" src=\"https:\/\/www.112canarias.com\/112\/wp-content\/uploads\/2022\/04\/40px-Flag_of_Catalonia.svg.webp\" alt=\"\" width=\"21\" height=\"14\" \/> \u00a0Catalu\u00f1a<\/a><br \/>\n<a href=\"https:\/\/www.juntaex.es\/temas\/administracion-publica\/emergencias-y-proteccion-civil\" target=\"_blank\" rel=\"noopener\"><img loading=\"lazy\" decoding=\"async\" class=\"alignnone wp-image-463\" src=\"https:\/\/www.112canarias.com\/112\/wp-content\/uploads\/2022\/04\/BanderaExtremadura.jpg\" alt=\"\" width=\"21\" height=\"14\" \/>\u00a0 Extremadura<\/a><br \/>\n<a href=\"https:\/\/www.axega112.gal\/\" target=\"_blank\" rel=\"noopener\"><img loading=\"lazy\" decoding=\"async\" class=\"alignnone wp-image-452\" src=\"https:\/\/www.112canarias.com\/112\/wp-content\/uploads\/2022\/04\/40px-Flag_of_Galicia.svg.webp\" alt=\"\" width=\"21\" height=\"14\" \/>\u00a0 Galicia<\/a><br \/>\n<a href=\"https:\/\/www.larioja.org\/emergencias-112\/es\" target=\"_blank\" rel=\"noopener\"><img loading=\"lazy\" decoding=\"async\" class=\"alignnone wp-image-453\" src=\"https:\/\/www.112canarias.com\/112\/wp-content\/uploads\/2022\/04\/Flag_of_La_Rioja_with_coat_of_arms.svg.png\" alt=\"\" width=\"21\" height=\"14\" \/>\u00a0 La Rioja<\/a><br \/>\n<a href=\"https:\/\/www.comunidad.madrid\/servicios\/112\" target=\"_blank\" rel=\"noopener\"><img loading=\"lazy\" decoding=\"async\" class=\"alignnone wp-image-454\" src=\"https:\/\/www.112canarias.com\/112\/wp-content\/uploads\/2022\/04\/Flag_of_the_Community_of_Madrid.svg.webp\" alt=\"\" width=\"21\" height=\"13\" \/>\u00a0 Comunidad de Madrid<\/a><br \/>\n<a href=\"http:\/\/www.navarra.es\/home_es\/Temas\/Seguridad\/112-SOS+NAVARRA.htm\" target=\"_blank\" rel=\"noopener\"><img loading=\"lazy\" decoding=\"async\" class=\"alignnone wp-image-455\" src=\"https:\/\/www.112canarias.com\/112\/wp-content\/uploads\/2022\/04\/40px-Bandera_de_Navarra.svg.webp\" alt=\"\" width=\"21\" height=\"14\" \/>\u00a0 Navarra<\/a><br \/>\n<a href=\"https:\/\/www.euskadi.eus\/gobierno-vasco\/emergencias-112\/\" target=\"_blank\" rel=\"noopener\"><img loading=\"lazy\" decoding=\"async\" class=\"alignnone wp-image-456\" src=\"https:\/\/www.112canarias.com\/112\/wp-content\/uploads\/2022\/04\/Flag_of_the_Basque_Country.svg.webp\" alt=\"\" width=\"21\" height=\"12\" \/><\/a><a href=\"https:\/\/www.euskadi.eus\/gobierno-vasco\/emergencias-112\/\" target=\"_blank\" rel=\"noopener\">\u00a0 Pais Vasco<\/a><br \/>\n<a href=\"https:\/\/www.112rmurcia.es\/\" target=\"_blank\" rel=\"noopener\"><img loading=\"lazy\" decoding=\"async\" class=\"alignnone wp-image-457\" src=\"https:\/\/www.112canarias.com\/112\/wp-content\/uploads\/2022\/04\/40px-Flag_of_the_Region_of_Murcia.svg.webp\" alt=\"\" width=\"21\" height=\"14\" \/>\u00a0 Regi\u00f3n de Murcia<\/a><br \/>\n<a href=\"https:\/\/www.112cv.gva.es\/va\/\" target=\"_blank\" rel=\"noopener\"><img loading=\"lazy\" decoding=\"async\" class=\"alignnone wp-image-458\" src=\"https:\/\/www.112canarias.com\/112\/wp-content\/uploads\/2022\/04\/40px-Flag_of_the_Valencian_Community_2x3.svg.webp\" alt=\"\" width=\"21\" height=\"14\" \/>\u00a0 Comunidad Valenciana<\/a><br \/>\n<a href=\"https:\/\/www.ceuta.es\/112\/\" target=\"_blank\" rel=\"noopener\"><img loading=\"lazy\" decoding=\"async\" class=\"alignnone wp-image-459\" src=\"https:\/\/www.112canarias.com\/112\/wp-content\/uploads\/2022\/04\/Flag_Ceuta.svg.png\" alt=\"\" width=\"21\" height=\"14\" \/>\u00a0 Ceuta (ciudad aut\u00f3noma)<\/a><br \/>\n<a href=\"https:\/\/www.melilla.es\/melillaPortal\/contenedor.jsp?seccion=s_fact_d4_v1.jsp&amp;contenido=29841&amp;nivel=1400&amp;tipo=2&amp;codResi=1&amp;evento=1\" target=\"_blank\" rel=\"noopener\"><img loading=\"lazy\" decoding=\"async\" class=\"alignnone wp-image-460\" src=\"https:\/\/www.112canarias.com\/112\/wp-content\/uploads\/2022\/04\/Flag_of_Melilla.svg.png\" alt=\"\" width=\"21\" height=\"14\" \/>\u00a0 Melilla (ciudad aut\u00f3noma)<\/a><br \/>\n<a href=\"https:\/\/www.proteccioncivil.es\/coordinacion\/cenem\" target=\"_blank\" rel=\"noopener\"><img decoding=\"async\" class=\"alignnone wp-image-460\" src=\"https:\/\/www.112canarias.com\/112\/wp-content\/uploads\/2022\/05\/Logo-CENEM.png\" alt=\"\" width=\"21px\" height=\"14px\" \/>\u00a0 CENEM<\/a>[\/vc_column_text][vc_empty_space height=\u00bb70px\u00bb][\/vc_column_inner][vc_column_inner width=\u00bb3\/4&#8243;][vc_column_text]<div id=\"mapsvg-4\" class=\"mapsvg\"><\/div>[\/vc_column_text][\/vc_column_inner][\/vc_row_inner][vc_empty_space height=\u00bb70px\u00bb][\/vc_column][vc_column width=\u00bb1\/12&#8243;][\/vc_column][\/vc_row]<\/p>\n<div class=\"print\"><span class=\"page_title\">P\u00e1gina: <span>Centros 112 Espa\u00f1a<\/span><\/span>\n\t\t\t\t\t\t\t\t\t\t\t<span class=\"stmp_trans_date\">\u00daltima actualizaci\u00f3n: <span>04\/06\/2025 - 07:11:06<\/span><\/span>\n\t\t\t\t\t\t\t\t\t\t\t<span class=\"stmp_trans_date\">Fecha publicaci\u00f3n: <span>28\/02\/2022 - 12:21:28<\/span><\/span>\n\t\t\t\t\t\t\t\t\t\t\t<span class=\"stmp_trans_date\">Fecha creaci\u00f3n: <span>28\/02\/2022 - 12:21:28<\/span><\/span><\/div>","protected":false},"excerpt":{"rendered":"<p>[vc_row css_animation=\u00bb\u00bb row_type=\u00bbrow\u00bb use_row_as_full_screen_section=\u00bbno\u00bb type=\u00bbfull_width\u00bb angled_section=\u00bbno\u00bb text_align=\u00bbleft\u00bb background_image_as_pattern=\u00bbwithout_pattern\u00bb][vc_column width=\u00bb1\/6&#8243; css=\u00bb.vc_custom_1681150508574{background-image: url(https:\/\/www.112canarias.com\/112\/wp-content\/uploads\/2023\/04\/230209_GSC_GC_ACAN_TC_97.jpg?id=3939) !important;background-position: center !important;background-repeat: no-repeat !important;background-size: cover !important;}\u00bb][vc_row_inner row_type=\u00bbrow\u00bb type=\u00bbfull_width\u00bb text_align=\u00bbleft\u00bb css_animation=\u00bb\u00bb][vc_column_inner offset=\u00bbvc_hidden-xs\u00bb][vc_empty_space height=\u00bb450px\u00bb][\/vc_column_inner][vc_column_inner offset=\u00bbvc_hidden-lg vc_hidden-md vc_hidden-sm\u00bb][vc_empty_space height=\u00bb400px\u00bb][\/vc_column_inner][\/vc_row_inner][\/vc_column][vc_column width=\u00bb2\/3&#8243;][vc_empty_space height=\u00bb100px\u00bb][vc_row_inner row_type=\u00bbrow\u00bb type=\u00bbfull_width\u00bb text_align=\u00bbleft\u00bb css_animation=\u00bb\u00bb][vc_column_inner el_class=\u00bbpadding\u00bb width=\u00bb1\/12&#8243;][\/vc_column_inner][vc_column_inner el_class=\u00bbpadding\u00bb width=\u00bb10\/12&#8243;][vc_empty_space height=\u00bb30px\u00bb][vc_column_text]El foro de centros 112 lo forman&#8230;<\/p>\n","protected":false},"author":1,"featured_media":440,"parent":0,"menu_order":0,"comment_status":"closed","ping_status":"closed","template":"full_width.php","meta":{"footnotes":""},"class_list":["post-191","page","type-page","status-publish","has-post-thumbnail","hentry"],"_links":{"self":[{"href":"https:\/\/www.112canarias.com\/112\/wp-json\/wp\/v2\/pages\/191","targetHints":{"allow":["GET"]}}],"collection":[{"href":"https:\/\/www.112canarias.com\/112\/wp-json\/wp\/v2\/pages"}],"about":[{"href":"https:\/\/www.112canarias.com\/112\/wp-json\/wp\/v2\/types\/page"}],"author":[{"embeddable":true,"href":"https:\/\/www.112canarias.com\/112\/wp-json\/wp\/v2\/users\/1"}],"replies":[{"embeddable":true,"href":"https:\/\/www.112canarias.com\/112\/wp-json\/wp\/v2\/comments?post=191"}],"version-history":[{"count":37,"href":"https:\/\/www.112canarias.com\/112\/wp-json\/wp\/v2\/pages\/191\/revisions"}],"predecessor-version":[{"id":9417,"href":"https:\/\/www.112canarias.com\/112\/wp-json\/wp\/v2\/pages\/191\/revisions\/9417"}],"wp:featuredmedia":[{"embeddable":true,"href":"https:\/\/www.112canarias.com\/112\/wp-json\/wp\/v2\/media\/440"}],"wp:attachment":[{"href":"https:\/\/www.112canarias.com\/112\/wp-json\/wp\/v2\/media?parent=191"}],"curies":[{"name":"wp","href":"https:\/\/api.w.org\/{rel}","templated":true}]}}