{"id":195,"date":"2022-02-28T12:23:30","date_gmt":"2022-02-28T12:23:30","guid":{"rendered":"http:\/\/www.112canarias.com\/112\/?page_id=195"},"modified":"2023-04-14T19:00:55","modified_gmt":"2023-04-14T19:00:55","slug":"europa-112","status":"publish","type":"page","link":"https:\/\/www.112canarias.com\/112\/europa-112\/","title":{"rendered":"Europa 112"},"content":{"rendered":"<p>[vc_row css_animation=\u00bb\u00bb row_type=\u00bbrow\u00bb use_row_as_full_screen_section=\u00bbno\u00bb type=\u00bbfull_width\u00bb angled_section=\u00bbno\u00bb text_align=\u00bbleft\u00bb background_image_as_pattern=\u00bbwithout_pattern\u00bb][vc_column width=\u00bb1\/6&#8243; css=\u00bb.vc_custom_1681498847554{background-image: url(https:\/\/www.112canarias.com\/112\/wp-content\/uploads\/2023\/04\/Operador-de-demandas-1-1-2-Canarias-3.jpg?id=4033) !important;background-position: center !important;background-repeat: no-repeat !important;background-size: cover !important;}\u00bb][vc_row_inner row_type=\u00bbrow\u00bb type=\u00bbfull_width\u00bb text_align=\u00bbleft\u00bb css_animation=\u00bb\u00bb][vc_column_inner offset=\u00bbvc_hidden-xs\u00bb][vc_empty_space height=\u00bb800px\u00bb][\/vc_column_inner][vc_column_inner offset=\u00bbvc_hidden-lg vc_hidden-md vc_hidden-sm\u00bb][vc_empty_space height=\u00bb400px\u00bb][\/vc_column_inner][\/vc_row_inner][\/vc_column][vc_column width=\u00bb2\/3&#8243;][vc_empty_space height=\u00bb100px\u00bb][vc_row_inner row_type=\u00bbrow\u00bb type=\u00bbfull_width\u00bb text_align=\u00bbleft\u00bb css_animation=\u00bb\u00bb][vc_column_inner el_class=\u00bbpadding\u00bb width=\u00bb1\/12&#8243;][\/vc_column_inner][vc_column_inner el_class=\u00bbpadding\u00bb width=\u00bb10\/12&#8243;][vc_empty_space height=\u00bb30px\u00bb][vc_column_text]El 1-1-2 Canarias, en su objetivo de mejorar su infraestructura tecnol\u00f3gica, ha estrechado lazos, en los \u00faltimos a\u00f1os, con otros 1-1-2 de Espa\u00f1a y Europa, as\u00ed como con los servicios de emergencia de Estados Unidos con los que mantiene importantes relaciones en materia de intercambio de nuevas tecnolog\u00edas aplicables a los tel\u00e9fonos de emergencia.<\/p>\n<p>La Fundaci\u00f3n 1-1-2 fue creada para promocionar el conocimiento y el correcto uso del n\u00famero \u00fanico de emergencias. Su principal objetivo es proponer campa\u00f1as y crear material informativo destinado a que todos los ciudadanos y las organizaciones sepan qu\u00e9 es el 1-1-2 y c\u00f3mo funciona. En colaboraci\u00f3n estrecha con el personal de los servicios de emergencia a trav\u00e9s de la Emergency Services Staff Network (ESSN), se ha convertido en la mayor red de servicios de emergencia de la Uni\u00f3n Europea cuyo trabajo se centra en conseguir la mayor calidad posible en los centros de coordinaci\u00f3n.<\/p>\n<p>La Asociaci\u00f3n Europea de N\u00fameros de Emergencia (EENA), de la que tambi\u00e9n el 1-1-2 Canarias forma parte, es una ONG con sede en Bruselas, creada en 1999 y dedicada a promover la alta calidad de los servicios de emergencia en toda la UE. La EENA sirve como una plataforma de debate para los servicios de emergencia, las autoridades p\u00fablicas, los responsables pol\u00edticos, asociaciones y proveedores de soluciones con vistas a mejorar la respuesta de emergencia de acuerdo con las exigencias de los ciudadanos. Entre sus miembros se incluyen cerca de 630 servicios de emergencia, representantes de 43 pa\u00edses europeos, asociaciones y organizaciones internacionales, as\u00ed como 26 miembros del Parlamento Europeo.<\/p>\n<p><strong>EUROPA 1-1-2<\/strong><\/p>\n<p><a href=\"https:\/\/eena.org\/\" target=\"_blank\" rel=\"noopener\">European Emergency Number Association<\/a><\/p>\n<p><strong>EE.UU.<\/strong><\/p>\n<p>E9-1-1 Institute\u00a0<a href=\"http:\/\/www.ng911institute.org\/\" target=\"_blank\" rel=\"noopener\">http:\/\/www.ng911institute.org\/<\/a>[\/vc_column_text][vc_empty_space height=\u00bb30px\u00bb][\/vc_column_inner][vc_column_inner width=\u00bb1\/12&#8243;][\/vc_column_inner][\/vc_row_inner][vc_empty_space height=\u00bb70px\u00bb][\/vc_column][vc_column width=\u00bb1\/6&#8243;][\/vc_column][\/vc_row]<\/p>\n<div class=\"print\"><span class=\"page_title\">P\u00e1gina: <span>Europa 112<\/span><\/span>\n\t\t\t\t\t\t\t\t\t\t\t<span class=\"stmp_trans_date\">\u00daltima actualizaci\u00f3n: <span>14\/04\/2023 - 19:00:55<\/span><\/span>\n\t\t\t\t\t\t\t\t\t\t\t<span class=\"stmp_trans_date\">Fecha publicaci\u00f3n: <span>28\/02\/2022 - 12:23:30<\/span><\/span>\n\t\t\t\t\t\t\t\t\t\t\t<span class=\"stmp_trans_date\">Fecha creaci\u00f3n: <span>28\/02\/2022 - 12:23:30<\/span><\/span><\/div>","protected":false},"excerpt":{"rendered":"<p>[vc_row css_animation=\u00bb\u00bb row_type=\u00bbrow\u00bb use_row_as_full_screen_section=\u00bbno\u00bb type=\u00bbfull_width\u00bb angled_section=\u00bbno\u00bb text_align=\u00bbleft\u00bb background_image_as_pattern=\u00bbwithout_pattern\u00bb][vc_column width=\u00bb1\/6&#8243; css=\u00bb.vc_custom_1681498847554{background-image: url(https:\/\/www.112canarias.com\/112\/wp-content\/uploads\/2023\/04\/Operador-de-demandas-1-1-2-Canarias-3.jpg?id=4033) !important;background-position: center !important;background-repeat: no-repeat !important;background-size: cover !important;}\u00bb][vc_row_inner row_type=\u00bbrow\u00bb type=\u00bbfull_width\u00bb text_align=\u00bbleft\u00bb css_animation=\u00bb\u00bb][vc_column_inner offset=\u00bbvc_hidden-xs\u00bb][vc_empty_space height=\u00bb800px\u00bb][\/vc_column_inner][vc_column_inner offset=\u00bbvc_hidden-lg vc_hidden-md vc_hidden-sm\u00bb][vc_empty_space height=\u00bb400px\u00bb][\/vc_column_inner][\/vc_row_inner][\/vc_column][vc_column width=\u00bb2\/3&#8243;][vc_empty_space height=\u00bb100px\u00bb][vc_row_inner row_type=\u00bbrow\u00bb type=\u00bbfull_width\u00bb text_align=\u00bbleft\u00bb css_animation=\u00bb\u00bb][vc_column_inner el_class=\u00bbpadding\u00bb width=\u00bb1\/12&#8243;][\/vc_column_inner][vc_column_inner el_class=\u00bbpadding\u00bb width=\u00bb10\/12&#8243;][vc_empty_space height=\u00bb30px\u00bb][vc_column_text]El 1-1-2 Canarias, en su objetivo de&#8230;<\/p>\n","protected":false},"author":1,"featured_media":0,"parent":0,"menu_order":0,"comment_status":"closed","ping_status":"closed","template":"full_width.php","meta":{"footnotes":""},"class_list":["post-195","page","type-page","status-publish","has-post-thumbnail","hentry"],"_links":{"self":[{"href":"https:\/\/www.112canarias.com\/112\/wp-json\/wp\/v2\/pages\/195","targetHints":{"allow":["GET"]}}],"collection":[{"href":"https:\/\/www.112canarias.com\/112\/wp-json\/wp\/v2\/pages"}],"about":[{"href":"https:\/\/www.112canarias.com\/112\/wp-json\/wp\/v2\/types\/page"}],"author":[{"embeddable":true,"href":"https:\/\/www.112canarias.com\/112\/wp-json\/wp\/v2\/users\/1"}],"replies":[{"embeddable":true,"href":"https:\/\/www.112canarias.com\/112\/wp-json\/wp\/v2\/comments?post=195"}],"version-history":[{"count":17,"href":"https:\/\/www.112canarias.com\/112\/wp-json\/wp\/v2\/pages\/195\/revisions"}],"predecessor-version":[{"id":4034,"href":"https:\/\/www.112canarias.com\/112\/wp-json\/wp\/v2\/pages\/195\/revisions\/4034"}],"wp:attachment":[{"href":"https:\/\/www.112canarias.com\/112\/wp-json\/wp\/v2\/media?parent=195"}],"curies":[{"name":"wp","href":"https:\/\/api.w.org\/{rel}","templated":true}]}}