{"id":1985,"date":"2022-06-06T07:58:00","date_gmt":"2022-06-06T07:58:00","guid":{"rendered":"http:\/\/www.112canarias.com\/112\/?page_id=1985"},"modified":"2023-04-11T07:45:33","modified_gmt":"2023-04-11T07:45:33","slug":"publicaciones","status":"publish","type":"page","link":"https:\/\/www.112canarias.com\/112\/publicaciones\/","title":{"rendered":"Publicaciones"},"content":{"rendered":"<p>[vc_row css_animation=\u00bb\u00bb row_type=\u00bbrow\u00bb use_row_as_full_screen_section=\u00bbno\u00bb type=\u00bbfull_width\u00bb angled_section=\u00bbno\u00bb text_align=\u00bbleft\u00bb background_image_as_pattern=\u00bbwithout_pattern\u00bb z_index=\u00bb\u00bb][vc_column width=\u00bb1\/6&#8243; css=\u00bb.vc_custom_1654514298068{background-image: url(https:\/\/www.112canarias.com\/112\/wp-content\/uploads\/2022\/06\/Guia.png?id=2009) !important;background-position: center !important;background-repeat: no-repeat !important;background-size: cover !important;}\u00bb offset=\u00bbvc_hidden-xs\u00bb][vc_row_inner row_type=\u00bbrow\u00bb type=\u00bbfull_width\u00bb text_align=\u00bbleft\u00bb css_animation=\u00bb\u00bb][vc_column_inner offset=\u00bbvc_hidden-xs\u00bb][vc_empty_space height=\u00bb560px\u00bb][\/vc_column_inner][vc_column_inner offset=\u00bbvc_hidden-lg vc_hidden-md vc_hidden-sm\u00bb][vc_empty_space height=\u00bb400px\u00bb][\/vc_column_inner][\/vc_row_inner][\/vc_column][vc_column width=\u00bb2\/3&#8243;][vc_empty_space height=\u00bb100px\u00bb][vc_row_inner row_type=\u00bbrow\u00bb type=\u00bbfull_width\u00bb text_align=\u00bbleft\u00bb css_animation=\u00bb\u00bb][vc_column_inner width=\u00bb1\/12&#8243;][\/vc_column_inner][vc_column_inner el_class=\u00bbpadding\u00bb width=\u00bb10\/12&#8243;][vc_column_text]<strong>Gu\u00eda de Intervenci\u00f3n para Servicios de Seguridad y Emergencias en incidentes de Violencia de G\u00e9nero<\/strong><\/p>\n<p>Con la presente gu\u00eda, elaborada desde Gesti\u00f3n de Servicios para la Salud y Seguridad en Canarias (GSC), y financiada por el Instituto Canario de Igualdad, adscrito a la Consejer\u00eda de Derechos Sociales, Diversidad y Juventud del Gobierno de Canarias, pretendemos dotar al conjunto de las personas que intervienen en los \u00e1mbitos de las urgencias y las emergencias, de una herramienta \u00e1gil y sencilla que les ayude en sus actuaciones profesionales cuando deban atender a mujeres en situaci\u00f3n de violencia de g\u00e9nero y que, a su vez, se constituya en un instrumento de sensibilizaci\u00f3n hacia este fen\u00f3meno social.<\/p>\n<p>Se ha elaborado bas\u00e1ndonos en el conocimiento acumulado por nuestras T\u00e9cnicas de Atenci\u00f3n a la Mujer que desde 1999 vienen prestando el Servicio de Atenci\u00f3n a Mujeres V\u00edctimas de Violencia de G\u00e9nero en las salas operativas del 1-1-2 Canarias, profesionales todas ellas con un alto nivel de especializaci\u00f3n en esta materia.<\/p>\n<p>Entendemos que para ofrecer a las mujeres v\u00edctimas de violencia de g\u00e9nero la mejor atenci\u00f3n posible desde los Servicios de Urgencias y Emergencias es necesario que TODO el personal de estos servicios, tanto desde las salas del 1-1-2 Canarias como los de los Cuerpos y Fuerzas de Seguridad del Estado, Cuerpo General de la Polic\u00eda Canaria y Polic\u00edas Locales, T\u00e9cnicos\/as en Emergencias Sanitarias&#8230;, no solo manejen los conceptos b\u00e1sicos, la normativa, los protocolos de actuaci\u00f3n y recursos apropiados en esta materia, sino tambi\u00e9n la empat\u00eda hacia las v\u00edctimas.<\/p>\n<p>Conscientes de la gravedad y las consecuencias que se derivan de la violencia contra las Mujeres en cualquiera de sus manifestaciones, GSC quiere contribuir con esta Gu\u00eda a una sociedad m\u00e1s justa entre mujeres y hombres, en la que la Violencia contra las Mujeres sea desterrada, no solo por la acci\u00f3n de la Justicia, sino por el rechazo social hacia quienes la ejercen y practican en cualquiera de sus dimensiones.<\/p>\n<p>Para ver el contenido total de la Gu\u00eda, pulse sobre el siguiente enlace:[\/vc_column_text][vc_empty_space height=\u00bb20px\u00bb]<a  itemprop=\"url\" href=\"https:\/\/www.112canarias.com\/112\/wp-content\/uploads\/2022\/06\/Gui\u0301a-de-Intervencio\u0301n-para-Servicios-de-Seguridad-y-Emergencias-en-Incidentes-de-Violencia-de-Ge\u0301nero_IMPRIMIR.pdf\" target=\"_blank\"  class=\"qbutton  default\" style=\"\">Gu\u00eda de intervenci\u00f3n<\/a>[vc_empty_space height=\u00bb20px\u00bb][vc_column_text]<strong>El 1-1-2 Canarias elabora una <em>Pequegu\u00eda<\/em> para el acceso al sistema de emergencias<\/strong><\/p>\n<p>El 1-1-2 Canarias, organismo dependiente de la Consejer\u00eda de Administraciones P\u00fablicas, Justicia y Seguridad del Gobierno de Canarias, que dirige Julio P\u00e9rez, ha elaborado una <em>Pequegu\u00eda<\/em> destinada a ense\u00f1ar a los peque\u00f1os c\u00f3mo utilizar correctamente este servicio realizando una buena llamada de emergencias si es necesario.<\/p>\n<p>Para ello, esta <em>Pequegu\u00eda<\/em> motiva a los tutores de los menores a practicar con ellos los pasos que deben seguir si se encuentran en una situaci\u00f3n de emergencia y necesitan contactar con el 1-1-2, un n\u00famero muy sencillo de recordar que es muy importante que conozcan los peque\u00f1os de la casa. En definitiva, se trata de `ayudarles a ayudar\u00b4 para que est\u00e9n los mejor preparados posibles a la hora de actuar ante una emergencia.<\/p>\n<p>En este sentido, la <em>Pequegu\u00eda<\/em> indica que, en caso de que sea necesario contactar con el 1-1-2, el menor debe saber describir con palabras sencillas qu\u00e9 es lo que est\u00e1 pasando y lo que est\u00e1 viendo y, sobre todo, conocer la direcci\u00f3n de su domicilio, el nombre de su barrio, ciudad e isla en la que vive, e incluso fijarse en el entorno en que se encuentran cuando viaja. Eso ayudar\u00e1 al 1-1-2 a localizar r\u00e1pidamente el lugar del incidente y a enviar los recursos adecuados a ese lugar si son necesarios.<\/p>\n<p>Desde el momento en que los peque\u00f1os contacten con el 1-1-2, el operador de este servicio nunca los dejar\u00e1 solos y les ayudar\u00e1 siempre. Por ello, es muy importante que se les ense\u00f1e a confiar en ellos y a no colgar el tel\u00e9fono si han necesitado contactar con el 1-1-2 Canarias.<\/p>\n<p>Aunque los peque\u00f1os no tengan conocimientos sanitarios, es imprescindible que se pongan en contacto con el 1-1-2 si se encuentran ante una situaci\u00f3n de emergencia. Los mayores deben ense\u00f1ar a los peque\u00f1os a distinguir si el afectado respira, mirando si se levanta el pecho de una persona, ya que eso ayudar\u00e1 al coordinador sanitario a dar la mejor respuesta posible al incidente y conocer la gravedad del caso.<\/p>\n<p>De esa forma, podr\u00e1n hablar con un m\u00e9dico y con personal de emergencia preparado para realizar un sencillo interrogatorio que permitir\u00e1 enviar la ayuda precisa y, adem\u00e1s, acompa\u00f1arle por el tel\u00e9fono mientras llega o indicarles un lugar seguro para esperar.<\/p>\n<p>[\/vc_column_text][vc_empty_space height=\u00bb20px\u00bb]<a  itemprop=\"url\" href=\"https:\/\/www.youtube.com\/watch?v=8ivPAA7PmKQ\" target=\"_blank\"  class=\"qbutton  default\" style=\"\">Pequegu\u00eda 1<\/a>[vc_empty_space height=\u00bb20px\u00bb]<a  itemprop=\"url\" href=\"https:\/\/www.youtube.com\/watch?v=-fvxikSZlko\" target=\"_blank\"  class=\"qbutton  default\" style=\"\">Pequegu\u00eda 2<\/a>[vc_empty_space height=\u00bb70px\u00bb][\/vc_column_inner][vc_column_inner el_class=\u00bbpadding\u00bb width=\u00bb1\/12&#8243;][vc_empty_space height=\u00bb30px\u00bb][\/vc_column_inner][\/vc_row_inner][\/vc_column][vc_column width=\u00bb1\/6&#8243;][\/vc_column][\/vc_row]<\/p>\n<div class=\"print\"><span class=\"page_title\">P\u00e1gina: <span>Publicaciones<\/span><\/span>\n\t\t\t\t\t\t\t\t\t\t\t<span class=\"stmp_trans_date\">\u00daltima actualizaci\u00f3n: <span>11\/04\/2023 - 07:45:33<\/span><\/span>\n\t\t\t\t\t\t\t\t\t\t\t<span class=\"stmp_trans_date\">Fecha publicaci\u00f3n: <span>06\/06\/2022 - 07:58:00<\/span><\/span>\n\t\t\t\t\t\t\t\t\t\t\t<span class=\"stmp_trans_date\">Fecha creaci\u00f3n: <span>06\/06\/2022 - 07:58:00<\/span><\/span><\/div>","protected":false},"excerpt":{"rendered":"<p>[vc_row css_animation=\u00bb\u00bb row_type=\u00bbrow\u00bb use_row_as_full_screen_section=\u00bbno\u00bb type=\u00bbfull_width\u00bb angled_section=\u00bbno\u00bb text_align=\u00bbleft\u00bb background_image_as_pattern=\u00bbwithout_pattern\u00bb z_index=\u00bb\u00bb][vc_column width=\u00bb1\/6&#8243; css=\u00bb.vc_custom_1654514298068{background-image: url(https:\/\/www.112canarias.com\/112\/wp-content\/uploads\/2022\/06\/Guia.png?id=2009) !important;background-position: center !important;background-repeat: no-repeat !important;background-size: cover !important;}\u00bb offset=\u00bbvc_hidden-xs\u00bb][vc_row_inner row_type=\u00bbrow\u00bb type=\u00bbfull_width\u00bb text_align=\u00bbleft\u00bb css_animation=\u00bb\u00bb][vc_column_inner offset=\u00bbvc_hidden-xs\u00bb][vc_empty_space height=\u00bb560px\u00bb][\/vc_column_inner][vc_column_inner offset=\u00bbvc_hidden-lg vc_hidden-md vc_hidden-sm\u00bb][vc_empty_space height=\u00bb400px\u00bb][\/vc_column_inner][\/vc_row_inner][\/vc_column][vc_column width=\u00bb2\/3&#8243;][vc_empty_space height=\u00bb100px\u00bb][vc_row_inner row_type=\u00bbrow\u00bb type=\u00bbfull_width\u00bb text_align=\u00bbleft\u00bb css_animation=\u00bb\u00bb][vc_column_inner width=\u00bb1\/12&#8243;][\/vc_column_inner][vc_column_inner el_class=\u00bbpadding\u00bb width=\u00bb10\/12&#8243;][vc_column_text]Gu\u00eda de Intervenci\u00f3n para Servicios de Seguridad&#8230;<\/p>\n","protected":false},"author":1,"featured_media":0,"parent":0,"menu_order":0,"comment_status":"closed","ping_status":"closed","template":"full_width.php","meta":{"footnotes":""},"class_list":["post-1985","page","type-page","status-publish","has-post-thumbnail","hentry"],"_links":{"self":[{"href":"https:\/\/www.112canarias.com\/112\/wp-json\/wp\/v2\/pages\/1985","targetHints":{"allow":["GET"]}}],"collection":[{"href":"https:\/\/www.112canarias.com\/112\/wp-json\/wp\/v2\/pages"}],"about":[{"href":"https:\/\/www.112canarias.com\/112\/wp-json\/wp\/v2\/types\/page"}],"author":[{"embeddable":true,"href":"https:\/\/www.112canarias.com\/112\/wp-json\/wp\/v2\/users\/1"}],"replies":[{"embeddable":true,"href":"https:\/\/www.112canarias.com\/112\/wp-json\/wp\/v2\/comments?post=1985"}],"version-history":[{"count":15,"href":"https:\/\/www.112canarias.com\/112\/wp-json\/wp\/v2\/pages\/1985\/revisions"}],"predecessor-version":[{"id":3945,"href":"https:\/\/www.112canarias.com\/112\/wp-json\/wp\/v2\/pages\/1985\/revisions\/3945"}],"wp:attachment":[{"href":"https:\/\/www.112canarias.com\/112\/wp-json\/wp\/v2\/media?parent=1985"}],"curies":[{"name":"wp","href":"https:\/\/api.w.org\/{rel}","templated":true}]}}