{"id":43,"date":"2022-02-16T11:44:14","date_gmt":"2022-02-16T11:44:14","guid":{"rendered":"http:\/\/www.112canarias.com\/112\/?page_id=43"},"modified":"2024-11-19T09:34:10","modified_gmt":"2024-11-19T09:34:10","slug":"salas-operativas","status":"publish","type":"page","link":"https:\/\/www.112canarias.com\/112\/centro-coordinador\/salas-operativas\/","title":{"rendered":"Salas operativas"},"content":{"rendered":"<p>[vc_row css_animation=\u00bb\u00bb row_type=\u00bbrow\u00bb use_row_as_full_screen_section=\u00bbno\u00bb type=\u00bbfull_width\u00bb angled_section=\u00bbno\u00bb text_align=\u00bbleft\u00bb background_image_as_pattern=\u00bbwithout_pattern\u00bb z_index=\u00bb\u00bb][vc_column width=\u00bb1\/6&#8243; css=\u00bb.vc_custom_1679905091264{background-image: url(https:\/\/www.112canarias.com\/112\/wp-content\/uploads\/2023\/03\/Jefe-de-Sala-con-mapa.png?id=3719) !important;background-position: center !important;background-repeat: no-repeat !important;background-size: cover !important;}\u00bb offset=\u00bbvc_hidden-xs\u00bb][vc_row_inner row_type=\u00bbrow\u00bb type=\u00bbfull_width\u00bb text_align=\u00bbleft\u00bb css_animation=\u00bb\u00bb][vc_column_inner offset=\u00bbvc_hidden-xs\u00bb][vc_empty_space height=\u00bb380px\u00bb][\/vc_column_inner][vc_column_inner offset=\u00bbvc_hidden-lg vc_hidden-md vc_hidden-sm\u00bb][vc_empty_space height=\u00bb400px\u00bb][\/vc_column_inner][\/vc_row_inner][\/vc_column][vc_column width=\u00bb2\/3&#8243;][vc_empty_space height=\u00bb100px\u00bb][vc_row_inner row_type=\u00bbrow\u00bb type=\u00bbfull_width\u00bb text_align=\u00bbleft\u00bb css_animation=\u00bb\u00bb][vc_column_inner width=\u00bb1\/12&#8243;][\/vc_column_inner][vc_column_inner el_class=\u00bbpadding\u00bb width=\u00bb10\/12&#8243;][vc_column_text]El CECOES 112 funciona como un \u00fanico Centro Coordinador de Emergencias y Seguridad que cuenta con dos Salas Operativas ubicadas en las islas de Gran Canaria y Tenerife. Ambas tienen una estructura organizativa y composici\u00f3n id\u00e9nticas y cuentan adem\u00e1s con una plataforma tecnol\u00f3gica que permite atender las llamadas de cualquier punto del Archipi\u00e9lago en cualquiera de las dos Salas Operativas. Incluso, si una de ellas quedara fuera de funcionamiento por cualquier motivo la otra podr\u00eda asumir la atenci\u00f3n y gesti\u00f3n de las solicitudes de los ciudadanos sin mermar la calidad del servicio.[\/vc_column_text][\/vc_column_inner][vc_column_inner el_class=\u00bbpadding\u00bb width=\u00bb1\/12&#8243;][vc_empty_space height=\u00bb30px\u00bb][\/vc_column_inner][\/vc_row_inner][vc_row_inner row_type=\u00bbrow\u00bb type=\u00bbfull_width\u00bb text_align=\u00bbleft\u00bb css_animation=\u00bb\u00bb][vc_column_inner width=\u00bb1\/12&#8243;][\/vc_column_inner][vc_column_inner el_class=\u00bbpadding\u00bb width=\u00bb10\/12&#8243;][vc_column_text]El 112 Canarias contin\u00faa incorporando novedades en el aspecto tecnol\u00f3gico sobre la localizaci\u00f3n de llamadas de emergencia y la mejora en la accesibilidad para personas con diversidad funcional, aportando accesos alternativos como SMS y App en el marco del C\u00f3digo Europeo de las Comunicaciones Electr\u00f3nicas.<\/p>\n<p>Entre las novedades m\u00e1s relevantes destaca la implementaci\u00f3n del <strong>AML<\/strong> (Advanced Caller Location) que mejora la precisi\u00f3n de la localizaci\u00f3n de llamadas de emergencia realizadas desde un tel\u00e9fono m\u00f3vil con una exactitud m\u00e9trica. Es decir, facilita al mismo tiempo que se recibe la llamada de emergencia el posicionamiento exacto en el que se encuentra el alertante mediante coordenadas geogr\u00e1ficas, mientras que en el sistema tradicional la precisi\u00f3n era facilitada en kil\u00f3metros, principalmente en entornos rurales. El usuario no tiene que descargar ninguna App o realizar alguna acci\u00f3n adicional, sino que todo se hace de forma autom\u00e1tica.<\/p>\n<p>Durante el a\u00f1o 2022, y de la mano de la Direcci\u00f3n General de Protecci\u00f3n Civil, comenzar\u00e1 el despliegue de un sistema de alerta p\u00fablico (PWS: Public Warning System, por sus siglas en ingl\u00e9s), bajo la denominaci\u00f3n de Red de Alerta Nacional que pasar\u00e1 a ser identificado como <strong>RAN-PWS (1-1-2 inverso)<\/strong>.<\/p>\n<p>Esta tecnolog\u00eda permitir\u00e1 hacer llegar avisos de alerta temprana para la ciudadan\u00eda a cualquier parte del territorio espa\u00f1ol con cobertura de telefon\u00eda m\u00f3vil, ya sea 2G (GSM), 3G (UMTS), 4G (LTE) o 5G, y facultar\u00e1 al CECOES 112 al env\u00edo generalizado e inmediato de alertas a aquellas personas que se encuentren en zonas afectadas por emergencias o cat\u00e1strofes inminentes o en curso, facilitando de esta manera una respuesta mucho m\u00e1s r\u00e1pida ante situaciones de especial gravedad.<\/p>\n<p>Continuando con las mejoras tecnol\u00f3gicas que facilitan la localizaci\u00f3n de accidentes, el 112 recibe las alertas del sistema <strong>eCall<\/strong> por el cual los veh\u00edculos implicados y que cuenten con el sistema -obligatorio en modelos de autom\u00f3vil homologados a partir del 31 de marzo de 2018-, se conectan por tel\u00e9fono y mediante enlace de datos con el 112 Canaria transmite autom\u00e1ticamente un conjunto de datos esenciales (ubicaci\u00f3n exacta, momento del accidente y n\u00famero de identificaci\u00f3n y rumbo del veh\u00edculo).<\/p>\n<p>Sobre la accesibilidad para personas con diversidad funcional mediante un \u00abacceso equivalente\u00bb, el 112 Canarias cuenta desde hace 9 a\u00f1os con un acceso alternativo al 112 para personas sordas o con discapacidad auditiva mediante SMS, el Sistema Online de Mensajer\u00eda Urgente (<strong>SOMU<\/strong>), que est\u00e1 operativo las 24 horas al d\u00eda, los 365 d\u00edas del a\u00f1o, y opera exclusivamente en el \u00e1mbito de la Comunidad Aut\u00f3noma de Canarias asegurando un acceso igualitario al 112 para las personas con discapacidad (o aquellos que por alguna raz\u00f3n no pudieran acceder por voz).<\/p>\n<p>Por \u00faltimo, hay que decir que el 112 Canarias ha incorporado una nueva aplicaci\u00f3n para smartphones, la <strong>App 112Canarias,<\/strong> que a\u00fana la mejora a la atenci\u00f3n del ciudadano, dado que permite el env\u00edo de datos (audio, im\u00e1genes, video) al CECOES 112 y optimiza la localizaci\u00f3n de los incidentes.<\/p>\n<p>Esta aplicaci\u00f3n es gratuita, est\u00e1 disponible tanto para Android como para IOS y mejora la comunicaci\u00f3n con el 112 Canarias mediante una llamada telef\u00f3nica al CECOES 112, que incorpora la posici\u00f3n GPS o, en el caso de que no se pueda hablar, mediante un aviso sin voz que, adem\u00e1s de enviar la posici\u00f3n GPS, emplea iconos para seleccionar el tipo de emergencia y un chat de texto (con traducci\u00f3n simult\u00e1nea si el idioma de tu tel\u00e9fono es distinto al espa\u00f1ol). Adem\u00e1s, permitir\u00e1 recibir avisos con informaci\u00f3n de emergencias destacables que se est\u00e1n produciendo en la Comunidad Aut\u00f3noma de Canarias.[\/vc_column_text][vc_empty_space height=\u00bb30px\u00bb][vc_column_text][\/vc_column_text][vc_empty_space height=\u00bb10px\u00bb][vc_single_image image=\u00bb1975&#8243; img_size=\u00bbfull\u00bb qode_css_animation=\u00bb\u00bb][vc_empty_space height=\u00bb30px\u00bb][vc_column_text][\/vc_column_text][vc_empty_space height=\u00bb10px\u00bb][vc_single_image image=\u00bb2981&#8243; img_size=\u00bbfull\u00bb qode_css_animation=\u00bb\u00bb][\/vc_column_inner][vc_column_inner el_class=\u00bbpadding\u00bb width=\u00bb1\/12&#8243;][vc_empty_space height=\u00bb30px\u00bb][\/vc_column_inner][\/vc_row_inner][vc_empty_space height=\u00bb70px\u00bb][\/vc_column][vc_column width=\u00bb1\/6&#8243;][\/vc_column][\/vc_row]<\/p>\n<div class=\"print\"><span class=\"page_title\">P\u00e1gina: <span>Salas operativas<\/span><\/span>\n\t\t\t\t\t\t\t\t\t\t\t<span class=\"stmp_trans_date\">\u00daltima actualizaci\u00f3n: <span>19\/11\/2024 - 09:34:10<\/span><\/span>\n\t\t\t\t\t\t\t\t\t\t\t<span class=\"stmp_trans_date\">Fecha publicaci\u00f3n: <span>16\/02\/2022 - 11:44:14<\/span><\/span>\n\t\t\t\t\t\t\t\t\t\t\t<span class=\"stmp_trans_date\">Fecha creaci\u00f3n: <span>16\/02\/2022 - 11:44:14<\/span><\/span><\/div>","protected":false},"excerpt":{"rendered":"<p>[vc_row css_animation=\u00bb\u00bb row_type=\u00bbrow\u00bb use_row_as_full_screen_section=\u00bbno\u00bb type=\u00bbfull_width\u00bb angled_section=\u00bbno\u00bb text_align=\u00bbleft\u00bb background_image_as_pattern=\u00bbwithout_pattern\u00bb z_index=\u00bb\u00bb][vc_column width=\u00bb1\/6&#8243; css=\u00bb.vc_custom_1679905091264{background-image: url(https:\/\/www.112canarias.com\/112\/wp-content\/uploads\/2023\/03\/Jefe-de-Sala-con-mapa.png?id=3719) !important;background-position: center !important;background-repeat: no-repeat !important;background-size: cover !important;}\u00bb offset=\u00bbvc_hidden-xs\u00bb][vc_row_inner row_type=\u00bbrow\u00bb type=\u00bbfull_width\u00bb text_align=\u00bbleft\u00bb css_animation=\u00bb\u00bb][vc_column_inner offset=\u00bbvc_hidden-xs\u00bb][vc_empty_space height=\u00bb380px\u00bb][\/vc_column_inner][vc_column_inner offset=\u00bbvc_hidden-lg vc_hidden-md vc_hidden-sm\u00bb][vc_empty_space height=\u00bb400px\u00bb][\/vc_column_inner][\/vc_row_inner][\/vc_column][vc_column width=\u00bb2\/3&#8243;][vc_empty_space height=\u00bb100px\u00bb][vc_row_inner row_type=\u00bbrow\u00bb type=\u00bbfull_width\u00bb text_align=\u00bbleft\u00bb css_animation=\u00bb\u00bb][vc_column_inner width=\u00bb1\/12&#8243;][\/vc_column_inner][vc_column_inner el_class=\u00bbpadding\u00bb width=\u00bb10\/12&#8243;][vc_column_text]El CECOES 112 funciona como un \u00fanico&#8230;<\/p>\n","protected":false},"author":1,"featured_media":1975,"parent":41,"menu_order":0,"comment_status":"closed","ping_status":"closed","template":"full_width.php","meta":{"footnotes":""},"class_list":["post-43","page","type-page","status-publish","has-post-thumbnail","hentry"],"_links":{"self":[{"href":"https:\/\/www.112canarias.com\/112\/wp-json\/wp\/v2\/pages\/43","targetHints":{"allow":["GET"]}}],"collection":[{"href":"https:\/\/www.112canarias.com\/112\/wp-json\/wp\/v2\/pages"}],"about":[{"href":"https:\/\/www.112canarias.com\/112\/wp-json\/wp\/v2\/types\/page"}],"author":[{"embeddable":true,"href":"https:\/\/www.112canarias.com\/112\/wp-json\/wp\/v2\/users\/1"}],"replies":[{"embeddable":true,"href":"https:\/\/www.112canarias.com\/112\/wp-json\/wp\/v2\/comments?post=43"}],"version-history":[{"count":16,"href":"https:\/\/www.112canarias.com\/112\/wp-json\/wp\/v2\/pages\/43\/revisions"}],"predecessor-version":[{"id":7774,"href":"https:\/\/www.112canarias.com\/112\/wp-json\/wp\/v2\/pages\/43\/revisions\/7774"}],"up":[{"embeddable":true,"href":"https:\/\/www.112canarias.com\/112\/wp-json\/wp\/v2\/pages\/41"}],"wp:featuredmedia":[{"embeddable":true,"href":"https:\/\/www.112canarias.com\/112\/wp-json\/wp\/v2\/media\/1975"}],"wp:attachment":[{"href":"https:\/\/www.112canarias.com\/112\/wp-json\/wp\/v2\/media?parent=43"}],"curies":[{"name":"wp","href":"https:\/\/api.w.org\/{rel}","templated":true}]}}