{"id":45,"date":"2022-02-16T11:44:28","date_gmt":"2022-02-16T11:44:28","guid":{"rendered":"http:\/\/www.112canarias.com\/112\/?page_id=45"},"modified":"2023-04-27T09:11:26","modified_gmt":"2023-04-27T09:11:26","slug":"nuestros-profesionales","status":"publish","type":"page","link":"https:\/\/www.112canarias.com\/112\/centro-coordinador\/nuestros-profesionales\/","title":{"rendered":"Equipo humano"},"content":{"rendered":"<p>[vc_row css_animation=\u00bb\u00bb row_type=\u00bbrow\u00bb use_row_as_full_screen_section=\u00bbno\u00bb type=\u00bbfull_width\u00bb angled_section=\u00bbno\u00bb text_align=\u00bbleft\u00bb background_image_as_pattern=\u00bbwithout_pattern\u00bb z_index=\u00bb\u00bb][vc_column width=\u00bb1\/6&#8243; css=\u00bb.vc_custom_1679908652886{background-image: url(https:\/\/www.112canarias.com\/112\/wp-content\/uploads\/2023\/03\/Lateral-derecha-1.jpg?id=3730) !important;background-position: center !important;background-repeat: no-repeat !important;background-size: cover !important;}\u00bb offset=\u00bbvc_hidden-xs\u00bb][vc_row_inner row_type=\u00bbrow\u00bb type=\u00bbfull_width\u00bb text_align=\u00bbleft\u00bb css_animation=\u00bb\u00bb][vc_column_inner offset=\u00bbvc_hidden-xs\u00bb][vc_empty_space height=\u00bb680px\u00bb][\/vc_column_inner][vc_column_inner offset=\u00bbvc_hidden-lg vc_hidden-md vc_hidden-sm\u00bb][vc_empty_space height=\u00bb400px\u00bb][\/vc_column_inner][\/vc_row_inner][\/vc_column][vc_column width=\u00bb2\/3&#8243;][vc_empty_space height=\u00bb100px\u00bb][vc_row_inner row_type=\u00bbrow\u00bb type=\u00bbfull_width\u00bb text_align=\u00bbleft\u00bb css_animation=\u00bb\u00bb][vc_column_inner width=\u00bb1\/12&#8243;][\/vc_column_inner][vc_column_inner el_class=\u00bbpadding\u00bb width=\u00bb10\/12&#8243;][vc_column_text]Cuando un ciudadano llama al 1-1-2, al otro lado de la l\u00ednea le responde un\u00a0operador de demanda\u00a0especializado en atender las peticiones de ayuda de los ciudadanos ante cualquier tipo de urgencia o emergencia en espa\u00f1ol, ingl\u00e9s, alem\u00e1n, franc\u00e9s e italiano, de forma presencial, y con un sistema de teletraducci\u00f3n en m\u00e1s de 40 idiomas.<\/p>\n<p>Apoyado en un programa informatizado, el operador realiza un cuestionario que permite clasificar la alerta y asignar el recurso o recursos necesarios para resolver el incidente.<\/p>\n<p>Tras recabar los datos indispensables sobre el tipo de incidente (enfermedad, robo, agresi\u00f3n, incendio o accidente), su localizaci\u00f3n y personas involucradas&#8230;, la informaci\u00f3n se transfiere autom\u00e1ticamente a los t\u00e9cnicos sectoriales.<\/p>\n<p>El sector sanitario est\u00e1 gestionado por el Servicio de Urgencias Canario (SUC) a trav\u00e9s de coordinadores sanitarios (m\u00e9dicos y enfermeros); el de Seguridad cuenta con agentes de la Polic\u00eda Canaria, Guardia Civil y Polic\u00eda Nacional y el sector de extinci\u00f3n con t\u00e9cnicos de Bomberos. Adem\u00e1s, la sala operativa cuenta con un \u00e1rea de Atenci\u00f3n a la Mujer V\u00edctima de Violencia atendida por las T\u00e9cnicas de Atenci\u00f3n a la Mujer (TAM).<\/p>\n<p>En cada uno de los sectores, un gestor de recursos se ocupa de dar el aviso y activar a los diferentes servicios, mientras que el coordinador multisectorial,\u00a0m\u00e1ximo responsable en su turno de la Sala Operativa, supervisa que cada demanda sea atendida y realiza un seguimiento de esas intervenciones, con el apoyo del gestor operativo.[\/vc_column_text][\/vc_column_inner][vc_column_inner el_class=\u00bbpadding\u00bb width=\u00bb1\/12&#8243;][vc_empty_space height=\u00bb30px\u00bb][\/vc_column_inner][\/vc_row_inner][vc_empty_space height=\u00bb50px\u00bb][vc_row_inner row_type=\u00bbrow\u00bb type=\u00bbfull_width\u00bb text_align=\u00bbleft\u00bb css_animation=\u00bb\u00bb][vc_column_inner width=\u00bb1\/12&#8243;][\/vc_column_inner][vc_column_inner el_class=\u00bbpadding\u00bb width=\u00bb10\/12&#8243;]<div class=\"qode-accordion-holder clearfix qode-toggle qode-initial \">\n\t<h4 class=\"clearfix qode-title-holder\">\n<span class=\"qode-tab-title\">\n\t    <span class=\"qode-tab-title-inner\">\n        Operador de Demanda    <\/span>\n<\/span>\n<span class=\"qode-accordion-mark\">\n    <span class=\"qode-accordion-mark-icon\">\n        <span class=\"icon_plus\"><\/span>\n        <span class=\"icon_minus-06\"><\/span>\n    <\/span>\n<\/span>\n<\/h4>\n<div  class=\"qode-accordion-content \" >\n    <div class=\"qode-accordion-content-inner\">\n        [vc_column_text]Atiende y clasifica todas las llamadas que recibe el Centro Coordinador[\/vc_column_text]    <\/div>\n<\/div><h4 class=\"clearfix qode-title-holder\">\n<span class=\"qode-tab-title\">\n\t    <span class=\"qode-tab-title-inner\">\n        Supervisor de Demanda    <\/span>\n<\/span>\n<span class=\"qode-accordion-mark\">\n    <span class=\"qode-accordion-mark-icon\">\n        <span class=\"icon_plus\"><\/span>\n        <span class=\"icon_minus-06\"><\/span>\n    <\/span>\n<\/span>\n<\/h4>\n<div  class=\"qode-accordion-content \" >\n    <div class=\"qode-accordion-content-inner\">\n        [vc_column_text]Supervisa la actuaci\u00f3n de los Operadores de Demanda[\/vc_column_text]    <\/div>\n<\/div><h4 class=\"clearfix qode-title-holder\">\n<span class=\"qode-tab-title\">\n\t    <span class=\"qode-tab-title-inner\">\n        Coordinador Multisectorial    <\/span>\n<\/span>\n<span class=\"qode-accordion-mark\">\n    <span class=\"qode-accordion-mark-icon\">\n        <span class=\"icon_plus\"><\/span>\n        <span class=\"icon_minus-06\"><\/span>\n    <\/span>\n<\/span>\n<\/h4>\n<div  class=\"qode-accordion-content \" >\n    <div class=\"qode-accordion-content-inner\">\n        [vc_column_text]Supervisa toda la actividad que se genera en la Sala Operativa garantizando la respuesta m\u00e1s adecuada al ciudadano y vigila el cumplimiento de los protocolos establecidos.[\/vc_column_text]    <\/div>\n<\/div><h4 class=\"clearfix qode-title-holder\">\n<span class=\"qode-tab-title\">\n\t    <span class=\"qode-tab-title-inner\">\n        Gestor Operativo    <\/span>\n<\/span>\n<span class=\"qode-accordion-mark\">\n    <span class=\"qode-accordion-mark-icon\">\n        <span class=\"icon_plus\"><\/span>\n        <span class=\"icon_minus-06\"><\/span>\n    <\/span>\n<\/span>\n<\/h4>\n<div  class=\"qode-accordion-content \" >\n    <div class=\"qode-accordion-content-inner\">\n        [vc_column_text]Presta apoyo al Coordinador Multisectorial y garantiza el buen funcionamiento de los recursos tecnol\u00f3gicos del CECOES[\/vc_column_text]    <\/div>\n<\/div><h4 class=\"clearfix qode-title-holder\">\n<span class=\"qode-tab-title\">\n\t    <span class=\"qode-tab-title-inner\">\n        Gestor de Seguridad    <\/span>\n<\/span>\n<span class=\"qode-accordion-mark\">\n    <span class=\"qode-accordion-mark-icon\">\n        <span class=\"icon_plus\"><\/span>\n        <span class=\"icon_minus-06\"><\/span>\n    <\/span>\n<\/span>\n<\/h4>\n<div  class=\"qode-accordion-content \" >\n    <div class=\"qode-accordion-content-inner\">\n        [vc_column_text]Activa a los recursos policiales en los servicios en los que se estima necesaria su intervenci\u00f3n[\/vc_column_text]    <\/div>\n<\/div><h4 class=\"clearfix qode-title-holder\">\n<span class=\"qode-tab-title\">\n\t    <span class=\"qode-tab-title-inner\">\n        T\u00e9cnica de Atenci\u00f3n a la Mujer V\u00edctima de Violencia    <\/span>\n<\/span>\n<span class=\"qode-accordion-mark\">\n    <span class=\"qode-accordion-mark-icon\">\n        <span class=\"icon_plus\"><\/span>\n        <span class=\"icon_minus-06\"><\/span>\n    <\/span>\n<\/span>\n<\/h4>\n<div  class=\"qode-accordion-content \" >\n    <div class=\"qode-accordion-content-inner\">\n        [vc_column_text]Responde a las llamadas relacionadas con la violencia contra la mujer y se ocupa de prestar ayuda y asesoramiento a las afectadas[\/vc_column_text]    <\/div>\n<\/div><h4 class=\"clearfix qode-title-holder\">\n<span class=\"qode-tab-title\">\n\t    <span class=\"qode-tab-title-inner\">\n        Agentes del Cuerpo General de la Polic\u00eda Canaria, Polic\u00eda Local, Polic\u00eda Nacional y Guardia Civil    <\/span>\n<\/span>\n<span class=\"qode-accordion-mark\">\n    <span class=\"qode-accordion-mark-icon\">\n        <span class=\"icon_plus\"><\/span>\n        <span class=\"icon_minus-06\"><\/span>\n    <\/span>\n<\/span>\n<\/h4>\n<div  class=\"qode-accordion-content \" >\n    <div class=\"qode-accordion-content-inner\">\n        [vc_column_text]Atiende las consultas de los alertantes y activan los recursos de su competencia cuando procede[\/vc_column_text]    <\/div>\n<\/div><h4 class=\"clearfix qode-title-holder\">\n<span class=\"qode-tab-title\">\n\t    <span class=\"qode-tab-title-inner\">\n        Gestor de Extinci\u00f3n    <\/span>\n<\/span>\n<span class=\"qode-accordion-mark\">\n    <span class=\"qode-accordion-mark-icon\">\n        <span class=\"icon_plus\"><\/span>\n        <span class=\"icon_minus-06\"><\/span>\n    <\/span>\n<\/span>\n<\/h4>\n<div  class=\"qode-accordion-content \" >\n    <div class=\"qode-accordion-content-inner\">\n        [vc_column_text]Es el responsable de la activaci\u00f3n y seguimiento de los recursos de extinci\u00f3n, rescate y salvamento[\/vc_column_text]    <\/div>\n<\/div><h4 class=\"clearfix qode-title-holder\">\n<span class=\"qode-tab-title\">\n\t    <span class=\"qode-tab-title-inner\">\n        T\u00e9cnico del Consorcio de Bomberos (Tenerife\/ Gran Canaria)    <\/span>\n<\/span>\n<span class=\"qode-accordion-mark\">\n    <span class=\"qode-accordion-mark-icon\">\n        <span class=\"icon_plus\"><\/span>\n        <span class=\"icon_minus-06\"><\/span>\n    <\/span>\n<\/span>\n<\/h4>\n<div  class=\"qode-accordion-content \" >\n    <div class=\"qode-accordion-content-inner\">\n        [vc_column_text]Ejerce de enlace con los diferentes parques de bomberos de Tenerife y los activa en los casos en los que sea necesario. Adem\u00e1s, responde a las consultas de los alertantes.[\/vc_column_text]    <\/div>\n<\/div><h4 class=\"clearfix qode-title-holder\">\n<span class=\"qode-tab-title\">\n\t    <span class=\"qode-tab-title-inner\">\n        M\u00e9dico Coordinador y Enfermero Coordinador    <\/span>\n<\/span>\n<span class=\"qode-accordion-mark\">\n    <span class=\"qode-accordion-mark-icon\">\n        <span class=\"icon_plus\"><\/span>\n        <span class=\"icon_minus-06\"><\/span>\n    <\/span>\n<\/span>\n<\/h4>\n<div  class=\"qode-accordion-content \" >\n    <div class=\"qode-accordion-content-inner\">\n        [vc_column_text]Resuelven las urgencias sanitarias, las consultas m\u00e9dicas de la poblaci\u00f3n y las interconsultas procedentes de profesionales del exterior.[\/vc_column_text]    <\/div>\n<\/div><h4 class=\"clearfix qode-title-holder\">\n<span class=\"qode-tab-title\">\n\t    <span class=\"qode-tab-title-inner\">\n        Gestor de Recursos del SUC    <\/span>\n<\/span>\n<span class=\"qode-accordion-mark\">\n    <span class=\"qode-accordion-mark-icon\">\n        <span class=\"icon_plus\"><\/span>\n        <span class=\"icon_minus-06\"><\/span>\n    <\/span>\n<\/span>\n<\/h4>\n<div  class=\"qode-accordion-content \" >\n    <div class=\"qode-accordion-content-inner\">\n        [vc_column_text]Activa a los recursos del SUC y realiza un seguimiento de la localizaci\u00f3n y disponibilidad de \u00e9stos en cada momento[\/vc_column_text]    <\/div>\n<\/div><h4 class=\"clearfix qode-title-holder\">\n<span class=\"qode-tab-title\">\n\t    <span class=\"qode-tab-title-inner\">\n        T\u00e9cnico del Grupo de Emergencias y Salvamento (GES)    <\/span>\n<\/span>\n<span class=\"qode-accordion-mark\">\n    <span class=\"qode-accordion-mark-icon\">\n        <span class=\"icon_plus\"><\/span>\n        <span class=\"icon_minus-06\"><\/span>\n    <\/span>\n<\/span>\n<\/h4>\n<div  class=\"qode-accordion-content \" >\n    <div class=\"qode-accordion-content-inner\">\n        [vc_column_text]Deben de conocer en todo momento el estado y disponibilidad de los recursos GES, para que en caso de que sea necesario los active y realice un seguimiento de su actuaci\u00f3n[\/vc_column_text]    <\/div>\n<\/div><\/div>[\/vc_column_inner][vc_column_inner el_class=\u00bbpadding\u00bb width=\u00bb1\/12&#8243;][vc_empty_space height=\u00bb30px\u00bb][\/vc_column_inner][\/vc_row_inner][vc_empty_space height=\u00bb50px\u00bb][vc_row_inner row_type=\u00bbrow\u00bb type=\u00bbfull_width\u00bb text_align=\u00bbleft\u00bb css_animation=\u00bb\u00bb][vc_column_inner width=\u00bb1\/12&#8243;][\/vc_column_inner][vc_column_inner el_class=\u00bbpadding\u00bb width=\u00bb10\/12&#8243;][vc_column_text]Las Salas Operativas del CECOES pueden dar respuesta de forma simult\u00e1nea a los distintos incidentes que se producen en el archipi\u00e9lago, garantizando la resoluci\u00f3n integral y coordinada de cualquier tipo de emergencia en el menor tiempo posible. Cuenta con un sistema inform\u00e1tico que clasifica autom\u00e1ticamente las llamadas y permite llevar a cabo un seguimiento en tiempo real de los servicios en curso.[\/vc_column_text][\/vc_column_inner][vc_column_inner el_class=\u00bbpadding\u00bb width=\u00bb1\/12&#8243;][vc_empty_space height=\u00bb30px\u00bb][\/vc_column_inner][\/vc_row_inner][vc_empty_space height=\u00bb70px\u00bb][\/vc_column][vc_column width=\u00bb1\/6&#8243;][\/vc_column][\/vc_row][vc_row css_animation=\u00bb\u00bb row_type=\u00bbrow\u00bb use_row_as_full_screen_section=\u00bbno\u00bb type=\u00bbgrid\u00bb angled_section=\u00bbno\u00bb text_align=\u00bbleft\u00bb background_image_as_pattern=\u00bbwithout_pattern\u00bb z_index=\u00bb\u00bb][vc_column width=\u00bb1\/3&#8243;][vc_raw_html]JTNDdmlkZW8lMjB3aWR0aCUzRCUyMjEwMCUyNSUyMiUyMGhlaWdodCUzRCUyMmF1dG8lMjIlMjBjb250cm9scyUzRSUwQSUyMCUyMCUzQ3NvdXJjZSUyMHNyYyUzRCUyMmh0dHBzJTNBJTJGJTJGd3d3LjExMmNhbmFyaWFzLmNvbSUyRjExMiUyRndwLWNvbnRlbnQlMkZ1cGxvYWRzJTJGMjAyMiUyRjAzJTJGNC5UZSUyNUNDJTI1ODFjbmljb3Mtc2VjdG9yaWFsZXMubXA0JTIyJTIwdHlwZSUzRCUyN3ZpZGVvJTJGbXA0JTNCJTIwY29kZWNzJTNEJTIyYXZjMS40MkUwMUUlMkMlMjBtcDRhLjQwLjIlMjIlMjclMjAlMkYlM0UlMEElM0MlMkZ2aWRlbyUzRQ==[\/vc_raw_html][vc_column_text]<\/p>\n<p style=\"text-align: center;\"><strong>Te\u0301cnicos sectoriales<\/strong><\/p>\n<p>[\/vc_column_text][vc_empty_space height=\u00bb30px\u00bb][\/vc_column][vc_column width=\u00bb1\/3&#8243;][vc_raw_html]JTNDdmlkZW8lMjB3aWR0aCUzRCUyMjEwMCUyNSUyMiUyMGhlaWdodCUzRCUyMmF1dG8lMjIlMjBjb250cm9scyUzRSUwQSUyMCUyMCUzQ3NvdXJjZSUyMHNyYyUzRCUyMmh0dHBzJTNBJTJGJTJGd3d3LjExMmNhbmFyaWFzLmNvbSUyRjExMiUyRndwLWNvbnRlbnQlMkZ1cGxvYWRzJTJGMjAyMiUyRjAzJTJGNS5HZXN0b3ItZGUtcmVjdXJzb3MteS1nZXN0b3Itb3BlcmF0aXZvLm1wNCUyMiUyMHR5cGUlM0QlMjd2aWRlbyUyRm1wNCUzQiUyMGNvZGVjcyUzRCUyMmF2YzEuNDJFMDFFJTJDJTIwbXA0YS40MC4yJTIyJTI3JTIwJTJGJTNFJTBBJTNDJTJGdmlkZW8lM0U=[\/vc_raw_html][vc_column_text]<\/p>\n<p style=\"text-align: center;\"><strong>Gestor de recursos y gestor operativo<\/strong><\/p>\n<p>[\/vc_column_text][vc_empty_space height=\u00bb30px\u00bb][\/vc_column][vc_column width=\u00bb1\/3&#8243;][vc_raw_html]JTNDdmlkZW8lMjB3aWR0aCUzRCUyMjEwMCUyNSUyMiUyMGhlaWdodCUzRCUyMmF1dG8lMjIlMjBjb250cm9scyUzRSUwQSUyMCUyMCUzQ3NvdXJjZSUyMHNyYyUzRCUyMmh0dHBzJTNBJTJGJTJGd3d3LjExMmNhbmFyaWFzLmNvbSUyRjExMiUyRndwLWNvbnRlbnQlMkZ1cGxvYWRzJTJGMjAyMiUyRjAzJTJGMy5NZSVDQyU4MWRpY28tY29vcmRpbmFkb3ItZGVsLVNVQy1jb252ZXJ0ZWQtY29udmVydGVkLm1wNCUyMiUyMHR5cGUlM0QlMjd2aWRlbyUyRm1wNCUzQiUyMGNvZGVjcyUzRCUyMmF2YzEuNDJFMDFFJTJDJTIwbXA0YS40MC4yJTIyJTI3JTIwJTJGJTNFJTBBJTNDJTJGdmlkZW8lM0U=[\/vc_raw_html][vc_column_text]<\/p>\n<p style=\"text-align: center;\"><strong>Me\u0301dico coordinador del SUC<\/strong><\/p>\n<p>[\/vc_column_text][vc_empty_space height=\u00bb30px\u00bb][\/vc_column][\/vc_row][vc_row css_animation=\u00bb\u00bb row_type=\u00bbrow\u00bb use_row_as_full_screen_section=\u00bbno\u00bb type=\u00bbgrid\u00bb angled_section=\u00bbno\u00bb text_align=\u00bbleft\u00bb background_image_as_pattern=\u00bbwithout_pattern\u00bb z_index=\u00bb\u00bb][vc_column width=\u00bb1\/6&#8243;][\/vc_column][vc_column width=\u00bb1\/3&#8243;][vc_raw_html]JTNDdmlkZW8lMjB3aWR0aCUzRCUyMjEwMCUyNSUyMiUyMGhlaWdodCUzRCUyMmF1dG8lMjIlMjBjb250cm9scyUzRSUwQSUyMCUyMCUzQ3NvdXJjZSUyMHNyYyUzRCUyMmh0dHBzJTNBJTJGJTJGd3d3LjExMmNhbmFyaWFzLmNvbSUyRjExMiUyRndwLWNvbnRlbnQlMkZ1cGxvYWRzJTJGMjAyMiUyRjAzJTJGMi5Db29yZGluYWRvci1tdWx0aXNlY3RvcmlhbC5tcDQlMjIlMjB0eXBlJTNEJTI3dmlkZW8lMkZtcDQlM0IlMjBjb2RlY3MlM0QlMjJhdmMxLjQyRTAxRSUyQyUyMG1wNGEuNDAuMiUyMiUyNyUyMCUyRiUzRSUwQSUzQyUyRnZpZGVvJTNF[\/vc_raw_html][vc_column_text]<\/p>\n<p style=\"text-align: center;\"><strong>Coordinador multisectorial<\/strong><\/p>\n<p>[\/vc_column_text][vc_empty_space height=\u00bb30px\u00bb][\/vc_column][vc_column width=\u00bb1\/3&#8243;][vc_raw_html]JTNDdmlkZW8lMjB3aWR0aCUzRCUyMjEwMCUyNSUyMiUyMGhlaWdodCUzRCUyMmF1dG8lMjIlMjBjb250cm9scyUzRSUwQSUyMCUyMCUzQ3NvdXJjZSUyMHNyYyUzRCUyMmh0dHBzJTNBJTJGJTJGd3d3LjExMmNhbmFyaWFzLmNvbSUyRjExMiUyRndwLWNvbnRlbnQlMkZ1cGxvYWRzJTJGMjAyMiUyRjAzJTJGMS5PcGVyYWRvci1kZS1kZW1hbmRhLm1wNCUyMiUyMHR5cGUlM0QlMjd2aWRlbyUyRm1wNCUzQiUyMGNvZGVjcyUzRCUyMmF2YzEuNDJFMDFFJTJDJTIwbXA0YS40MC4yJTIyJTI3JTIwJTJGJTNFJTBBJTNDJTJGdmlkZW8lM0U=[\/vc_raw_html][vc_column_text]<\/p>\n<p style=\"text-align: center;\"><strong>Operador de demanda<\/strong><\/p>\n<p>[\/vc_column_text][vc_empty_space height=\u00bb30px\u00bb][\/vc_column][vc_column width=\u00bb1\/6&#8243;][\/vc_column][\/vc_row][vc_row css_animation=\u00bb\u00bb row_type=\u00bbrow\u00bb use_row_as_full_screen_section=\u00bbno\u00bb type=\u00bbfull_width\u00bb angled_section=\u00bbno\u00bb text_align=\u00bbleft\u00bb background_image_as_pattern=\u00bbwithout_pattern\u00bb][vc_column][vc_empty_space height=\u00bb100px\u00bb][\/vc_column][\/vc_row]<\/p>\n<div class=\"print\"><span class=\"page_title\">P\u00e1gina: <span>Equipo humano<\/span><\/span>\n\t\t\t\t\t\t\t\t\t\t\t<span class=\"stmp_trans_date\">\u00daltima actualizaci\u00f3n: <span>27\/04\/2023 - 09:11:26<\/span><\/span>\n\t\t\t\t\t\t\t\t\t\t\t<span class=\"stmp_trans_date\">Fecha publicaci\u00f3n: <span>16\/02\/2022 - 11:44:28<\/span><\/span>\n\t\t\t\t\t\t\t\t\t\t\t<span class=\"stmp_trans_date\">Fecha creaci\u00f3n: <span>16\/02\/2022 - 11:44:28<\/span><\/span><\/div>","protected":false},"excerpt":{"rendered":"<p>[vc_row css_animation=\u00bb\u00bb row_type=\u00bbrow\u00bb use_row_as_full_screen_section=\u00bbno\u00bb type=\u00bbfull_width\u00bb angled_section=\u00bbno\u00bb text_align=\u00bbleft\u00bb background_image_as_pattern=\u00bbwithout_pattern\u00bb z_index=\u00bb\u00bb][vc_column width=\u00bb1\/6&#8243; css=\u00bb.vc_custom_1679908652886{background-image: url(https:\/\/www.112canarias.com\/112\/wp-content\/uploads\/2023\/03\/Lateral-derecha-1.jpg?id=3730) !important;background-position: center !important;background-repeat: no-repeat !important;background-size: cover !important;}\u00bb offset=\u00bbvc_hidden-xs\u00bb][vc_row_inner row_type=\u00bbrow\u00bb type=\u00bbfull_width\u00bb text_align=\u00bbleft\u00bb css_animation=\u00bb\u00bb][vc_column_inner offset=\u00bbvc_hidden-xs\u00bb][vc_empty_space height=\u00bb680px\u00bb][\/vc_column_inner][vc_column_inner offset=\u00bbvc_hidden-lg vc_hidden-md vc_hidden-sm\u00bb][vc_empty_space height=\u00bb400px\u00bb][\/vc_column_inner][\/vc_row_inner][\/vc_column][vc_column width=\u00bb2\/3&#8243;][vc_empty_space height=\u00bb100px\u00bb][vc_row_inner row_type=\u00bbrow\u00bb type=\u00bbfull_width\u00bb text_align=\u00bbleft\u00bb css_animation=\u00bb\u00bb][vc_column_inner width=\u00bb1\/12&#8243;][\/vc_column_inner][vc_column_inner el_class=\u00bbpadding\u00bb width=\u00bb10\/12&#8243;][vc_column_text]Cuando un ciudadano llama al 1-1-2, al&#8230;<\/p>\n","protected":false},"author":1,"featured_media":0,"parent":41,"menu_order":0,"comment_status":"closed","ping_status":"closed","template":"full_width.php","meta":{"footnotes":""},"class_list":["post-45","page","type-page","status-publish","has-post-thumbnail","hentry"],"_links":{"self":[{"href":"https:\/\/www.112canarias.com\/112\/wp-json\/wp\/v2\/pages\/45","targetHints":{"allow":["GET"]}}],"collection":[{"href":"https:\/\/www.112canarias.com\/112\/wp-json\/wp\/v2\/pages"}],"about":[{"href":"https:\/\/www.112canarias.com\/112\/wp-json\/wp\/v2\/types\/page"}],"author":[{"embeddable":true,"href":"https:\/\/www.112canarias.com\/112\/wp-json\/wp\/v2\/users\/1"}],"replies":[{"embeddable":true,"href":"https:\/\/www.112canarias.com\/112\/wp-json\/wp\/v2\/comments?post=45"}],"version-history":[{"count":35,"href":"https:\/\/www.112canarias.com\/112\/wp-json\/wp\/v2\/pages\/45\/revisions"}],"predecessor-version":[{"id":4092,"href":"https:\/\/www.112canarias.com\/112\/wp-json\/wp\/v2\/pages\/45\/revisions\/4092"}],"up":[{"embeddable":true,"href":"https:\/\/www.112canarias.com\/112\/wp-json\/wp\/v2\/pages\/41"}],"wp:attachment":[{"href":"https:\/\/www.112canarias.com\/112\/wp-json\/wp\/v2\/media?parent=45"}],"curies":[{"name":"wp","href":"https:\/\/api.w.org\/{rel}","templated":true}]}}