{"id":47,"date":"2022-02-16T11:44:45","date_gmt":"2022-02-16T11:44:45","guid":{"rendered":"http:\/\/www.112canarias.com\/112\/?page_id=47"},"modified":"2023-04-27T09:41:52","modified_gmt":"2023-04-27T09:41:52","slug":"vehiculos-de-coordinacion","status":"publish","type":"page","link":"https:\/\/www.112canarias.com\/112\/centro-coordinador\/vehiculos-de-coordinacion\/","title":{"rendered":"Veh\u00edculos de coordinaci\u00f3n"},"content":{"rendered":"<p>[vc_row css_animation=\u00bb\u00bb row_type=\u00bbrow\u00bb use_row_as_full_screen_section=\u00bbno\u00bb type=\u00bbfull_width\u00bb angled_section=\u00bbno\u00bb text_align=\u00bbleft\u00bb background_image_as_pattern=\u00bbwithout_pattern\u00bb z_index=\u00bb\u00bb][vc_column width=\u00bb1\/6&#8243; css=\u00bb.vc_custom_1650443620102{background-image: url(https:\/\/www.112canarias.com\/112\/wp-content\/uploads\/2022\/04\/Equipo.jpg?id=498) !important;background-position: center !important;background-repeat: no-repeat !important;background-size: cover !important;}\u00bb offset=\u00bbvc_hidden-xs\u00bb][vc_row_inner row_type=\u00bbrow\u00bb type=\u00bbfull_width\u00bb text_align=\u00bbleft\u00bb css_animation=\u00bb\u00bb][vc_column_inner offset=\u00bbvc_hidden-xs\u00bb][vc_empty_space height=\u00bb700px\u00bb][\/vc_column_inner][vc_column_inner offset=\u00bbvc_hidden-lg vc_hidden-md vc_hidden-sm\u00bb][vc_empty_space height=\u00bb400px\u00bb][\/vc_column_inner][\/vc_row_inner][\/vc_column][vc_column width=\u00bb2\/3&#8243;][vc_empty_space height=\u00bb100px\u00bb][vc_row_inner row_type=\u00bbrow\u00bb type=\u00bbfull_width\u00bb text_align=\u00bbleft\u00bb css_animation=\u00bb\u00bb][vc_column_inner width=\u00bb1\/12&#8243;][\/vc_column_inner][vc_column_inner el_class=\u00bbpadding\u00bb width=\u00bb10\/12&#8243;][vc_column_text]El CECOES 1-1-2 no posee recursos propios para la atenci\u00f3n directa al ciudadano que se encuentre en una situaci\u00f3n de urgencias y emergencias. Lo que hace el 1-1-2 es coordinar la respuesta necesaria a cada demanda, activando los recursos de los diferentes servicios que deben intervenir en cada incidente ya sean sanitarios, de seguridad, salvamento, extinci\u00f3n o rescate.<\/p>\n<p>Sin embargo, el CECOES 1-1-2 s\u00ed cuenta con\u00a0dos veh\u00edculos de coordinaci\u00f3n, uno en la isla de Gran Canaria y otro en la de Tenerife, cuya misi\u00f3n consiste en aportar informaci\u00f3n extra al Centro Coordinador desde el lugar del incidente en aquellos servicios en los que sea necesario, realizando tambi\u00e9n tareas de log\u00edstica de emergencias para el Gobierno de Canarias.<\/p>\n<p>Este recurso de intervenci\u00f3n cuenta con equipamiento de emergencia para una primera intervenci\u00f3n en el lugar de los hechos como focos, cuerdas o un guinche. Adem\u00e1s, dispone de una c\u00e1mara externa con capacidad de gesti\u00f3n local y remota que transmite a las Salas Operativas im\u00e1genes en tiempo real del incidente en el que se encuentra, proporcionando as\u00ed informaci\u00f3n \u00fatil para la gesti\u00f3n de los recursos que se env\u00edan al lugar. Tambi\u00e9n cuenta con tel\u00e9fono v\u00eda sat\u00e9lite, radio tetra, ordenador e incluso est\u00e1 preparado para desplegar un repetidor m\u00f3vil con capacidad para dar cobertura en las comunicaciones\u00a0 de los servicios intervinientes.<\/p>\n<p>El equipo se completa con dos remolques de log\u00edstica y comunicaciones para la implantaci\u00f3n de servicios preventivos y\/o dispositivos en una situaci\u00f3n de inseguridad o emergencias. Estos remolques disponen de equipamiento general de radiocomunicaciones digitales con repetidores de cobertura y radioenlaces, antenas, m\u00e1stil telesc\u00f3pico para la colocaci\u00f3n r\u00e1pida de antenas y para facilitar la m\u00e1xima cobertura local, sistema de telefon\u00eda m\u00f3vil, grupo electr\u00f3geno para el funcionamiento aut\u00f3nomo de todos los sistemas exterior e interior y otros elementos t\u00e9cnicos para implantar comunicaciones y apoyo log\u00edstico en una emergencia o puesto de mando avanzado.[\/vc_column_text][\/vc_column_inner][vc_column_inner el_class=\u00bbpadding\u00bb width=\u00bb1\/12&#8243;][vc_empty_space height=\u00bb30px\u00bb][\/vc_column_inner][\/vc_row_inner][vc_empty_space height=\u00bb70px\u00bb][\/vc_column][vc_column width=\u00bb1\/6&#8243;][\/vc_column][\/vc_row]<\/p>\n<div class=\"print\"><span class=\"page_title\">P\u00e1gina: <span>Veh\u00edculos de coordinaci\u00f3n<\/span><\/span>\n\t\t\t\t\t\t\t\t\t\t\t<span class=\"stmp_trans_date\">\u00daltima actualizaci\u00f3n: <span>27\/04\/2023 - 09:41:52<\/span><\/span>\n\t\t\t\t\t\t\t\t\t\t\t<span class=\"stmp_trans_date\">Fecha publicaci\u00f3n: <span>16\/02\/2022 - 11:44:45<\/span><\/span>\n\t\t\t\t\t\t\t\t\t\t\t<span class=\"stmp_trans_date\">Fecha creaci\u00f3n: <span>16\/02\/2022 - 11:44:45<\/span><\/span><\/div>","protected":false},"excerpt":{"rendered":"<p>[vc_row css_animation=\u00bb\u00bb row_type=\u00bbrow\u00bb use_row_as_full_screen_section=\u00bbno\u00bb type=\u00bbfull_width\u00bb angled_section=\u00bbno\u00bb text_align=\u00bbleft\u00bb background_image_as_pattern=\u00bbwithout_pattern\u00bb z_index=\u00bb\u00bb][vc_column width=\u00bb1\/6&#8243; css=\u00bb.vc_custom_1650443620102{background-image: url(https:\/\/www.112canarias.com\/112\/wp-content\/uploads\/2022\/04\/Equipo.jpg?id=498) !important;background-position: center !important;background-repeat: no-repeat !important;background-size: cover !important;}\u00bb offset=\u00bbvc_hidden-xs\u00bb][vc_row_inner row_type=\u00bbrow\u00bb type=\u00bbfull_width\u00bb text_align=\u00bbleft\u00bb css_animation=\u00bb\u00bb][vc_column_inner offset=\u00bbvc_hidden-xs\u00bb][vc_empty_space height=\u00bb700px\u00bb][\/vc_column_inner][vc_column_inner offset=\u00bbvc_hidden-lg vc_hidden-md vc_hidden-sm\u00bb][vc_empty_space height=\u00bb400px\u00bb][\/vc_column_inner][\/vc_row_inner][\/vc_column][vc_column width=\u00bb2\/3&#8243;][vc_empty_space height=\u00bb100px\u00bb][vc_row_inner row_type=\u00bbrow\u00bb type=\u00bbfull_width\u00bb text_align=\u00bbleft\u00bb css_animation=\u00bb\u00bb][vc_column_inner width=\u00bb1\/12&#8243;][\/vc_column_inner][vc_column_inner el_class=\u00bbpadding\u00bb width=\u00bb10\/12&#8243;][vc_column_text]El CECOES 1-1-2 no posee recursos propios&#8230;<\/p>\n","protected":false},"author":1,"featured_media":0,"parent":41,"menu_order":0,"comment_status":"closed","ping_status":"closed","template":"full_width.php","meta":{"footnotes":""},"class_list":["post-47","page","type-page","status-publish","has-post-thumbnail","hentry"],"_links":{"self":[{"href":"https:\/\/www.112canarias.com\/112\/wp-json\/wp\/v2\/pages\/47","targetHints":{"allow":["GET"]}}],"collection":[{"href":"https:\/\/www.112canarias.com\/112\/wp-json\/wp\/v2\/pages"}],"about":[{"href":"https:\/\/www.112canarias.com\/112\/wp-json\/wp\/v2\/types\/page"}],"author":[{"embeddable":true,"href":"https:\/\/www.112canarias.com\/112\/wp-json\/wp\/v2\/users\/1"}],"replies":[{"embeddable":true,"href":"https:\/\/www.112canarias.com\/112\/wp-json\/wp\/v2\/comments?post=47"}],"version-history":[{"count":10,"href":"https:\/\/www.112canarias.com\/112\/wp-json\/wp\/v2\/pages\/47\/revisions"}],"predecessor-version":[{"id":4099,"href":"https:\/\/www.112canarias.com\/112\/wp-json\/wp\/v2\/pages\/47\/revisions\/4099"}],"up":[{"embeddable":true,"href":"https:\/\/www.112canarias.com\/112\/wp-json\/wp\/v2\/pages\/41"}],"wp:attachment":[{"href":"https:\/\/www.112canarias.com\/112\/wp-json\/wp\/v2\/media?parent=47"}],"curies":[{"name":"wp","href":"https:\/\/api.w.org\/{rel}","templated":true}]}}