{"id":55,"date":"2022-02-16T11:45:58","date_gmt":"2022-02-16T11:45:58","guid":{"rendered":"http:\/\/www.112canarias.com\/112\/?page_id=55"},"modified":"2022-07-05T06:15:32","modified_gmt":"2022-07-05T06:15:32","slug":"talleres","status":"publish","type":"page","link":"https:\/\/www.112canarias.com\/112\/divulgacion\/talleres\/","title":{"rendered":"Talleres"},"content":{"rendered":"<p>[vc_row css_animation=\u00bb\u00bb row_type=\u00bbrow\u00bb use_row_as_full_screen_section=\u00bbno\u00bb type=\u00bbfull_width\u00bb angled_section=\u00bbno\u00bb text_align=\u00bbleft\u00bb background_image_as_pattern=\u00bbwithout_pattern\u00bb z_index=\u00bb\u00bb][vc_column width=\u00bb1\/6&#8243; css=\u00bb.vc_custom_1650443894988{background-image: url(https:\/\/www.112canarias.com\/112\/wp-content\/uploads\/2022\/04\/TalleresLateral.jpg?id=502) !important;background-position: center !important;background-repeat: no-repeat !important;background-size: cover !important;}\u00bb offset=\u00bbvc_hidden-xs\u00bb][vc_row_inner row_type=\u00bbrow\u00bb type=\u00bbfull_width\u00bb text_align=\u00bbleft\u00bb css_animation=\u00bb\u00bb][vc_column_inner offset=\u00bbvc_hidden-xs\u00bb][vc_empty_space height=\u00bb560px\u00bb][\/vc_column_inner][vc_column_inner offset=\u00bbvc_hidden-lg vc_hidden-md vc_hidden-sm\u00bb][vc_empty_space height=\u00bb400px\u00bb][\/vc_column_inner][\/vc_row_inner][\/vc_column][vc_column width=\u00bb2\/3&#8243;][vc_empty_space height=\u00bb100px\u00bb][vc_row_inner row_type=\u00bbrow\u00bb type=\u00bbfull_width\u00bb text_align=\u00bbleft\u00bb css_animation=\u00bb\u00bb][vc_column_inner width=\u00bb1\/12&#8243;][\/vc_column_inner][vc_column_inner el_class=\u00bbpadding\u00bb width=\u00bb10\/12&#8243;][vc_column_text]Uno de los principales objetivos del 1-1-2 es conseguir el mayor nivel de conocimiento posible en la poblaci\u00f3n canaria con el fin de lograr un buen\u00a0uso de este servicio. Para ello, desde el 1-1-2 Canarias se trabaja realizando m\u00faltiples tareas educativas y de divulgaci\u00f3n entre los ciudadanos, profesionales del sector y estudiantes que van desde charlas en colegios, institutos, colectivos vecinales, etc.<\/p>\n<p>El 1-1-2 Canarias imparte talleres informativos dirigidos a los alumnos que cursan el \u00faltimo curso de la Educaci\u00f3n Secundaria Obligatoria (4\u00ba de la ESO).<\/p>\n<p>La estructura del taller es la siguiente:<\/p>\n<p>Introducci\u00f3n al N\u00famero Europeo 1-1-2. Caracter\u00edsticas<\/p>\n<p>Explicaci\u00f3n de c\u00f3mo funciona y c\u00f3mo usar el 1-1-2 en Canarias<\/p>\n<p>Proyecci\u00f3n del video del Servicio de Emergencias 1-1-2 CANARIAS<\/p>\n<p>Nociones b\u00e1sicas sobre alertas meteorol\u00f3gicas y consejos a la poblaci\u00f3n<\/p>\n<p>Para solicitar estas charlas deber\u00e1n rellenar el\u00a0<a href=\"https:\/\/www.112canarias.com\/112\/contactar\/\" target=\"_blank\" rel=\"noopener\">formulario de solicitud<\/a>\u00a0disponible en la p\u00e1gina web[\/vc_column_text][\/vc_column_inner][vc_column_inner el_class=\u00bbpadding\u00bb width=\u00bb1\/12&#8243;][vc_empty_space height=\u00bb30px\u00bb][\/vc_column_inner][\/vc_row_inner][vc_empty_space height=\u00bb70px\u00bb][\/vc_column][vc_column width=\u00bb1\/6&#8243;][\/vc_column][\/vc_row]<\/p>\n<div class=\"print\"><span class=\"page_title\">P\u00e1gina: <span>Talleres<\/span><\/span>\n\t\t\t\t\t\t\t\t\t\t\t<span class=\"stmp_trans_date\">\u00daltima actualizaci\u00f3n: <span>05\/07\/2022 - 06:15:32<\/span><\/span>\n\t\t\t\t\t\t\t\t\t\t\t<span class=\"stmp_trans_date\">Fecha publicaci\u00f3n: <span>16\/02\/2022 - 11:45:58<\/span><\/span>\n\t\t\t\t\t\t\t\t\t\t\t<span class=\"stmp_trans_date\">Fecha creaci\u00f3n: <span>16\/02\/2022 - 11:45:58<\/span><\/span><\/div>","protected":false},"excerpt":{"rendered":"<p>[vc_row css_animation=\u00bb\u00bb row_type=\u00bbrow\u00bb use_row_as_full_screen_section=\u00bbno\u00bb type=\u00bbfull_width\u00bb angled_section=\u00bbno\u00bb text_align=\u00bbleft\u00bb background_image_as_pattern=\u00bbwithout_pattern\u00bb z_index=\u00bb\u00bb][vc_column width=\u00bb1\/6&#8243; css=\u00bb.vc_custom_1650443894988{background-image: url(https:\/\/www.112canarias.com\/112\/wp-content\/uploads\/2022\/04\/TalleresLateral.jpg?id=502) !important;background-position: center !important;background-repeat: no-repeat !important;background-size: cover !important;}\u00bb offset=\u00bbvc_hidden-xs\u00bb][vc_row_inner row_type=\u00bbrow\u00bb type=\u00bbfull_width\u00bb text_align=\u00bbleft\u00bb css_animation=\u00bb\u00bb][vc_column_inner offset=\u00bbvc_hidden-xs\u00bb][vc_empty_space height=\u00bb560px\u00bb][\/vc_column_inner][vc_column_inner offset=\u00bbvc_hidden-lg vc_hidden-md vc_hidden-sm\u00bb][vc_empty_space height=\u00bb400px\u00bb][\/vc_column_inner][\/vc_row_inner][\/vc_column][vc_column width=\u00bb2\/3&#8243;][vc_empty_space height=\u00bb100px\u00bb][vc_row_inner row_type=\u00bbrow\u00bb type=\u00bbfull_width\u00bb text_align=\u00bbleft\u00bb css_animation=\u00bb\u00bb][vc_column_inner width=\u00bb1\/12&#8243;][\/vc_column_inner][vc_column_inner el_class=\u00bbpadding\u00bb width=\u00bb10\/12&#8243;][vc_column_text]Uno de los principales objetivos del 1-1-2&#8230;<\/p>\n","protected":false},"author":1,"featured_media":0,"parent":51,"menu_order":0,"comment_status":"closed","ping_status":"closed","template":"full_width.php","meta":{"footnotes":""},"class_list":["post-55","page","type-page","status-publish","has-post-thumbnail","hentry"],"_links":{"self":[{"href":"https:\/\/www.112canarias.com\/112\/wp-json\/wp\/v2\/pages\/55","targetHints":{"allow":["GET"]}}],"collection":[{"href":"https:\/\/www.112canarias.com\/112\/wp-json\/wp\/v2\/pages"}],"about":[{"href":"https:\/\/www.112canarias.com\/112\/wp-json\/wp\/v2\/types\/page"}],"author":[{"embeddable":true,"href":"https:\/\/www.112canarias.com\/112\/wp-json\/wp\/v2\/users\/1"}],"replies":[{"embeddable":true,"href":"https:\/\/www.112canarias.com\/112\/wp-json\/wp\/v2\/comments?post=55"}],"version-history":[{"count":7,"href":"https:\/\/www.112canarias.com\/112\/wp-json\/wp\/v2\/pages\/55\/revisions"}],"predecessor-version":[{"id":2333,"href":"https:\/\/www.112canarias.com\/112\/wp-json\/wp\/v2\/pages\/55\/revisions\/2333"}],"up":[{"embeddable":true,"href":"https:\/\/www.112canarias.com\/112\/wp-json\/wp\/v2\/pages\/51"}],"wp:attachment":[{"href":"https:\/\/www.112canarias.com\/112\/wp-json\/wp\/v2\/media?parent=55"}],"curies":[{"name":"wp","href":"https:\/\/api.w.org\/{rel}","templated":true}]}}