{"id":57,"date":"2022-02-16T11:46:11","date_gmt":"2022-02-16T11:46:11","guid":{"rendered":"http:\/\/www.112canarias.com\/112\/?page_id=57"},"modified":"2022-06-15T09:02:25","modified_gmt":"2022-06-15T09:02:25","slug":"congresos-y-jornadas","status":"publish","type":"page","link":"https:\/\/www.112canarias.com\/112\/divulgacion\/congresos-y-jornadas\/","title":{"rendered":"Congresos y jornadas"},"content":{"rendered":"<p>[vc_row css_animation=\u00bb\u00bb row_type=\u00bbrow\u00bb use_row_as_full_screen_section=\u00bbno\u00bb type=\u00bbfull_width\u00bb angled_section=\u00bbno\u00bb text_align=\u00bbleft\u00bb background_image_as_pattern=\u00bbwithout_pattern\u00bb z_index=\u00bb\u00bb][vc_column width=\u00bb1\/6&#8243; css=\u00bb.vc_custom_1650445734124{background-image: url(https:\/\/www.112canarias.com\/112\/wp-content\/uploads\/2022\/04\/Congresos.jpg?id=525) !important;background-position: center !important;background-repeat: no-repeat !important;background-size: cover !important;}\u00bb offset=\u00bbvc_hidden-xs\u00bb][vc_row_inner row_type=\u00bbrow\u00bb type=\u00bbfull_width\u00bb text_align=\u00bbleft\u00bb css_animation=\u00bb\u00bb][vc_column_inner offset=\u00bbvc_hidden-xs\u00bb][vc_empty_space height=\u00bb560px\u00bb][\/vc_column_inner][vc_column_inner offset=\u00bbvc_hidden-lg vc_hidden-md vc_hidden-sm\u00bb][vc_empty_space height=\u00bb400px\u00bb][\/vc_column_inner][\/vc_row_inner][\/vc_column][vc_column width=\u00bb2\/3&#8243;][vc_empty_space height=\u00bb100px\u00bb][vc_row_inner row_type=\u00bbrow\u00bb type=\u00bbfull_width\u00bb text_align=\u00bbleft\u00bb css_animation=\u00bb\u00bb][vc_column_inner width=\u00bb1\/12&#8243;][\/vc_column_inner][vc_column_inner el_class=\u00bbpadding\u00bb width=\u00bb10\/12&#8243;][vc_column_text]<strong>Jornadas sobre Tecnolog\u00eda y Nuevas Emergencias<\/strong><\/p>\n<p>El 1-1-2 Canarias ha celebrado desde el a\u00f1o 2013 unas Jornadas t\u00e9cnicas en las que el Centro Coordinador se ha convertido en referencia para el sector y un punto de encuentro para los servicios de emergencia, que apuestan por aplicar los \u00faltimos avances tecnol\u00f3gicos en el servicio al ciudadano.<\/p>\n<p>Estas jornadas, que forman parte de la pol\u00edtica de innovaci\u00f3n del 1-1-2 Canarias que gestiona la Direcci\u00f3n General de Seguridad y Emergencias, dependiente de la Consejer\u00eda de Administraciones P\u00fablicas, Justicia y Seguridad del Gobierno de Canarias, abordan, desde diferentes \u00e1mbitos, la transformaci\u00f3n digital aplicada en la gesti\u00f3n de emergencias, para lo que se analizan diferentes tecnolog\u00edas que pueden influir en la gesti\u00f3n de una situaci\u00f3n de crisis.<\/p>\n<p>La transformaci\u00f3n digital que se est\u00e1 produciendo en los diferentes servicios de emergencias y en sus sistemas de gesti\u00f3n ser\u00e1n la clave para mejorar la respuesta que los servicios p\u00fablicos den a los ciudadanos que se encuentren en una situaci\u00f3n de emergencia en cualquier lugar del mundo en un futuro inmediato.[\/vc_column_text][\/vc_column_inner][vc_column_inner el_class=\u00bbpadding\u00bb width=\u00bb1\/12&#8243;][vc_empty_space height=\u00bb30px\u00bb][\/vc_column_inner][\/vc_row_inner][vc_empty_space height=\u00bb70px\u00bb][vc_row_inner row_type=\u00bbrow\u00bb type=\u00bbfull_width\u00bb text_align=\u00bbleft\u00bb css_animation=\u00bb\u00bb][vc_column_inner width=\u00bb1\/12&#8243;][\/vc_column_inner][vc_column_inner el_class=\u00bbpadding\u00bb width=\u00bb10\/12&#8243;][vc_column_text]<strong>Hist\u00f3rico<\/strong>[\/vc_column_text][vc_empty_space height=\u00bb20px\u00bb]<div class='projects_holder_outer v1 portfolio_with_space portfolio_standard'>\n        <div class='projects_holder portfolio_main_holder clearfix v1 standard portfolio_full_image '>\n        \n        <article class='mix portfolio_category_17 default' style=''>\n    \n    \n    \n                <div class='image_holder'>\n                <a itemprop='url' class='portfolio_link_for_touch' href='https:\/\/www.112canarias.com\/112\/portfolio_page\/06-06-2013-jornadas-sobre-tecnologia-y-nuevas-emergencias\/' target=''>\n                    \n<span class='image'><img loading=\"lazy\" decoding=\"async\" width=\"400\" height=\"566\" src=\"https:\/\/www.112canarias.com\/112\/wp-content\/uploads\/2022\/06\/Poster_Jornada_Tecnologia_y_Nuevas_Emergencias_SMALL.jpg\" class=\"attachment-full size-full wp-post-image\" alt=\"\" srcset=\"https:\/\/www.112canarias.com\/112\/wp-content\/uploads\/2022\/06\/Poster_Jornada_Tecnologia_y_Nuevas_Emergencias_SMALL.jpg 400w, https:\/\/www.112canarias.com\/112\/wp-content\/uploads\/2022\/06\/Poster_Jornada_Tecnologia_y_Nuevas_Emergencias_SMALL-212x300.jpg 212w\" sizes=\"auto, (max-width: 400px) 100vw, 400px\" \/><\/span>                <\/a>\n\n                <span class='text_holder'>\n    <span class='text_outer'>\n        <span class='text_inner'>\n            <span class='feature_holder'>\n                            <span class=\"feature_holder_icons\">';\n                            <a itemprop='image' class='lightbox qbutton small white' title='I Jornadas  (2013)' href='https:\/\/www.112canarias.com\/112\/wp-content\/uploads\/2022\/06\/Poster_Jornada_Tecnologia_y_Nuevas_Emergencias_SMALL.jpg' data-rel='prettyPhoto[pretty_photo_gallery]'>zoom<\/a>\n    \n                            <a itemprop='url' class='preview qbutton small white' href='https:\/\/www.112canarias.com\/112\/portfolio_page\/06-06-2013-jornadas-sobre-tecnologia-y-nuevas-emergencias\/' target='_self'>view<\/i><\/a>\n    \n                                            <\/span>\n        <\/span>\n    <\/span>\n<\/span>            <\/div>\n                <div class='portfolio_description text_align_center' >\n\n        \n    <h5 itemprop=\"name\" class=\"portfolio_title entry_title\"><a itemprop=\"url\" href=\"https:\/\/www.112canarias.com\/112\/portfolio_page\/06-06-2013-jornadas-sobre-tecnologia-y-nuevas-emergencias\/\"  target=\"_self\"> I Jornadas  (2013)<\/a><\/h5>\n\n\n        \n            <span class=\"project_category\"  >\n    Hist\u00f3rico - Congresos y jornadas    <\/span>\n\n    <\/div>\n        \n<\/article>\n<article class='mix portfolio_category_17 default' style=''>\n    \n    \n    \n                <div class='image_holder'>\n                <a itemprop='url' class='portfolio_link_for_touch' href='https:\/\/www.112canarias.com\/112\/portfolio_page\/5-06-2014-ii-jornadas-sobre-tecnologia-y-nuevas-emergencias-proteccion-de-infraestructuras-criticas\/' target=''>\n                    \n<span class='image'><\/span>                <\/a>\n\n                <span class='text_holder'>\n    <span class='text_outer'>\n        <span class='text_inner'>\n            <span class='feature_holder'>\n                            <span class=\"feature_holder_icons\">';\n                            <a itemprop='image' class='lightbox qbutton small white' title='II Jornadas (2014)' href='' data-rel='prettyPhoto[pretty_photo_gallery]'>zoom<\/a>\n    \n                            <a itemprop='url' class='preview qbutton small white' href='https:\/\/www.112canarias.com\/112\/portfolio_page\/5-06-2014-ii-jornadas-sobre-tecnologia-y-nuevas-emergencias-proteccion-de-infraestructuras-criticas\/' target='_self'>view<\/i><\/a>\n    \n                                            <\/span>\n        <\/span>\n    <\/span>\n<\/span>            <\/div>\n                <div class='portfolio_description text_align_center' >\n\n        \n    <h5 itemprop=\"name\" class=\"portfolio_title entry_title\"><a itemprop=\"url\" href=\"https:\/\/www.112canarias.com\/112\/portfolio_page\/5-06-2014-ii-jornadas-sobre-tecnologia-y-nuevas-emergencias-proteccion-de-infraestructuras-criticas\/\"  target=\"_self\"> II Jornadas (2014)<\/a><\/h5>\n\n\n        \n            <span class=\"project_category\"  >\n    Hist\u00f3rico - Congresos y jornadas    <\/span>\n\n    <\/div>\n        \n<\/article>\n<article class='mix portfolio_category_17 default' style=''>\n    \n    \n    \n                <div class='image_holder'>\n                <a itemprop='url' class='portfolio_link_for_touch' href='https:\/\/www.112canarias.com\/112\/portfolio_page\/03-06-2015-iii-jornadas-de-tecnologia-y-nuevas-emergencias-gestion-de-la-informacion-en-situaciones-criticas\/' target=''>\n                    \n<span class='image'><\/span>                <\/a>\n\n                <span class='text_holder'>\n    <span class='text_outer'>\n        <span class='text_inner'>\n            <span class='feature_holder'>\n                            <span class=\"feature_holder_icons\">';\n                            <a itemprop='image' class='lightbox qbutton small white' title='III Jornadas (2015)' href='' data-rel='prettyPhoto[pretty_photo_gallery]'>zoom<\/a>\n    \n                            <a itemprop='url' class='preview qbutton small white' href='https:\/\/www.112canarias.com\/112\/portfolio_page\/03-06-2015-iii-jornadas-de-tecnologia-y-nuevas-emergencias-gestion-de-la-informacion-en-situaciones-criticas\/' target='_self'>view<\/i><\/a>\n    \n                                            <\/span>\n        <\/span>\n    <\/span>\n<\/span>            <\/div>\n                <div class='portfolio_description text_align_center' >\n\n        \n    <h5 itemprop=\"name\" class=\"portfolio_title entry_title\"><a itemprop=\"url\" href=\"https:\/\/www.112canarias.com\/112\/portfolio_page\/03-06-2015-iii-jornadas-de-tecnologia-y-nuevas-emergencias-gestion-de-la-informacion-en-situaciones-criticas\/\"  target=\"_self\"> III Jornadas (2015)<\/a><\/h5>\n\n\n        \n            <span class=\"project_category\"  >\n    Hist\u00f3rico - Congresos y jornadas    <\/span>\n\n    <\/div>\n        \n<\/article>\n<article class='mix portfolio_category_17 default' style=''>\n    \n    \n    \n                <div class='image_holder'>\n                <a itemprop='url' class='portfolio_link_for_touch' href='https:\/\/www.112canarias.com\/112\/portfolio_page\/14-06-2016-iv-jornadas-de-tecnologia-y-nuevas-emergencias-ide\/' target=''>\n                    \n<span class='image'><\/span>                <\/a>\n\n                <span class='text_holder'>\n    <span class='text_outer'>\n        <span class='text_inner'>\n            <span class='feature_holder'>\n                            <span class=\"feature_holder_icons\">';\n                            <a itemprop='image' class='lightbox qbutton small white' title='IV Jornadas (2016)' href='' data-rel='prettyPhoto[pretty_photo_gallery]'>zoom<\/a>\n    \n                            <a itemprop='url' class='preview qbutton small white' href='https:\/\/www.112canarias.com\/112\/portfolio_page\/14-06-2016-iv-jornadas-de-tecnologia-y-nuevas-emergencias-ide\/' target='_self'>view<\/i><\/a>\n    \n                                            <\/span>\n        <\/span>\n    <\/span>\n<\/span>            <\/div>\n                <div class='portfolio_description text_align_center' >\n\n        \n    <h5 itemprop=\"name\" class=\"portfolio_title entry_title\"><a itemprop=\"url\" href=\"https:\/\/www.112canarias.com\/112\/portfolio_page\/14-06-2016-iv-jornadas-de-tecnologia-y-nuevas-emergencias-ide\/\"  target=\"_self\"> IV Jornadas (2016)<\/a><\/h5>\n\n\n        \n            <span class=\"project_category\"  >\n    Hist\u00f3rico - Congresos y jornadas    <\/span>\n\n    <\/div>\n        \n<\/article>\n<article class='mix portfolio_category_17 default' style=''>\n    \n    \n    \n                <div class='image_holder'>\n                <a itemprop='url' class='portfolio_link_for_touch' href='https:\/\/www.112canarias.com\/112\/portfolio_page\/21-06-2017-v-jornadas-de-tecnologia-y-nuevas-emergencias-hacia-el-futuro-tecnologico-en-la-gestion-de-emergencias\/' target=''>\n                    \n<span class='image'><\/span>                <\/a>\n\n                <span class='text_holder'>\n    <span class='text_outer'>\n        <span class='text_inner'>\n            <span class='feature_holder'>\n                            <span class=\"feature_holder_icons\">';\n                            <a itemprop='image' class='lightbox qbutton small white' title='V Jornadas (2017)' href='' data-rel='prettyPhoto[pretty_photo_gallery]'>zoom<\/a>\n    \n                            <a itemprop='url' class='preview qbutton small white' href='https:\/\/www.112canarias.com\/112\/portfolio_page\/21-06-2017-v-jornadas-de-tecnologia-y-nuevas-emergencias-hacia-el-futuro-tecnologico-en-la-gestion-de-emergencias\/' target='_self'>view<\/i><\/a>\n    \n                                            <\/span>\n        <\/span>\n    <\/span>\n<\/span>            <\/div>\n                <div class='portfolio_description text_align_center' >\n\n        \n    <h5 itemprop=\"name\" class=\"portfolio_title entry_title\"><a itemprop=\"url\" href=\"https:\/\/www.112canarias.com\/112\/portfolio_page\/21-06-2017-v-jornadas-de-tecnologia-y-nuevas-emergencias-hacia-el-futuro-tecnologico-en-la-gestion-de-emergencias\/\"  target=\"_self\"> V Jornadas (2017)<\/a><\/h5>\n\n\n        \n            <span class=\"project_category\"  >\n    Hist\u00f3rico - Congresos y jornadas    <\/span>\n\n    <\/div>\n        \n<\/article>\n<article class='mix portfolio_category_17 default' style=''>\n    \n    \n    \n                <div class='image_holder'>\n                <a itemprop='url' class='portfolio_link_for_touch' href='https:\/\/www.112canarias.com\/112\/portfolio_page\/vi-edicion-de-las-jornadas-tecnologia-y-nuevas-emergencias-20-anos-de-historia-y-una-mirada-al-futuro\/' target=''>\n                    \n<span class='image'><\/span>                <\/a>\n\n                <span class='text_holder'>\n    <span class='text_outer'>\n        <span class='text_inner'>\n            <span class='feature_holder'>\n                            <span class=\"feature_holder_icons\">';\n                            <a itemprop='image' class='lightbox qbutton small white' title='VI Jornadas (2018)' href='' data-rel='prettyPhoto[pretty_photo_gallery]'>zoom<\/a>\n    \n                            <a itemprop='url' class='preview qbutton small white' href='https:\/\/www.112canarias.com\/112\/portfolio_page\/vi-edicion-de-las-jornadas-tecnologia-y-nuevas-emergencias-20-anos-de-historia-y-una-mirada-al-futuro\/' target='_self'>view<\/i><\/a>\n    \n                                            <\/span>\n        <\/span>\n    <\/span>\n<\/span>            <\/div>\n                <div class='portfolio_description text_align_center' >\n\n        \n    <h5 itemprop=\"name\" class=\"portfolio_title entry_title\"><a itemprop=\"url\" href=\"https:\/\/www.112canarias.com\/112\/portfolio_page\/vi-edicion-de-las-jornadas-tecnologia-y-nuevas-emergencias-20-anos-de-historia-y-una-mirada-al-futuro\/\"  target=\"_self\"> VI Jornadas (2018)<\/a><\/h5>\n\n\n        \n            <span class=\"project_category\"  >\n    Hist\u00f3rico - Congresos y jornadas    <\/span>\n\n    <\/div>\n        \n<\/article>\n<article class='mix portfolio_category_17 default' style=''>\n    \n    \n    \n                <div class='image_holder'>\n                <a itemprop='url' class='portfolio_link_for_touch' href='https:\/\/www.112canarias.com\/112\/portfolio_page\/vii-jornadas-de-tecnologia-y-nuevas-emergencias-transformacion-digital-tambien-en-emergencias\/' target=''>\n                    \n<span class='image'><\/span>                <\/a>\n\n                <span class='text_holder'>\n    <span class='text_outer'>\n        <span class='text_inner'>\n            <span class='feature_holder'>\n                            <span class=\"feature_holder_icons\">';\n                            <a itemprop='image' class='lightbox qbutton small white' title='VII Jornadas (2019)' href='' data-rel='prettyPhoto[pretty_photo_gallery]'>zoom<\/a>\n    \n                            <a itemprop='url' class='preview qbutton small white' href='https:\/\/www.112canarias.com\/112\/portfolio_page\/vii-jornadas-de-tecnologia-y-nuevas-emergencias-transformacion-digital-tambien-en-emergencias\/' target='_self'>view<\/i><\/a>\n    \n                                            <\/span>\n        <\/span>\n    <\/span>\n<\/span>            <\/div>\n                <div class='portfolio_description text_align_center' >\n\n        \n    <h5 itemprop=\"name\" class=\"portfolio_title entry_title\"><a itemprop=\"url\" href=\"https:\/\/www.112canarias.com\/112\/portfolio_page\/vii-jornadas-de-tecnologia-y-nuevas-emergencias-transformacion-digital-tambien-en-emergencias\/\"  target=\"_self\"> VII Jornadas (2019)<\/a><\/h5>\n\n\n        \n            <span class=\"project_category\"  >\n    Hist\u00f3rico - Congresos y jornadas    <\/span>\n\n    <\/div>\n        \n<\/article>\n    <\/div>\n\n    \n    <\/div>[\/vc_column_inner][vc_column_inner el_class=\u00bbpadding\u00bb width=\u00bb1\/12&#8243;][vc_empty_space height=\u00bb30px\u00bb][\/vc_column_inner][\/vc_row_inner][vc_empty_space height=\u00bb70px\u00bb][\/vc_column][vc_column width=\u00bb1\/6&#8243;][\/vc_column][\/vc_row]<\/p>\n<div class=\"print\"><span class=\"page_title\">P\u00e1gina: <span>Congresos y jornadas<\/span><\/span>\n\t\t\t\t\t\t\t\t\t\t\t<span class=\"stmp_trans_date\">\u00daltima actualizaci\u00f3n: <span>15\/06\/2022 - 09:02:25<\/span><\/span>\n\t\t\t\t\t\t\t\t\t\t\t<span class=\"stmp_trans_date\">Fecha publicaci\u00f3n: <span>16\/02\/2022 - 11:46:11<\/span><\/span>\n\t\t\t\t\t\t\t\t\t\t\t<span class=\"stmp_trans_date\">Fecha creaci\u00f3n: <span>16\/02\/2022 - 11:46:11<\/span><\/span><\/div>","protected":false},"excerpt":{"rendered":"<p>[vc_row css_animation=\u00bb\u00bb row_type=\u00bbrow\u00bb use_row_as_full_screen_section=\u00bbno\u00bb type=\u00bbfull_width\u00bb angled_section=\u00bbno\u00bb text_align=\u00bbleft\u00bb background_image_as_pattern=\u00bbwithout_pattern\u00bb z_index=\u00bb\u00bb][vc_column width=\u00bb1\/6&#8243; css=\u00bb.vc_custom_1650445734124{background-image: url(https:\/\/www.112canarias.com\/112\/wp-content\/uploads\/2022\/04\/Congresos.jpg?id=525) !important;background-position: center !important;background-repeat: no-repeat !important;background-size: cover !important;}\u00bb offset=\u00bbvc_hidden-xs\u00bb][vc_row_inner row_type=\u00bbrow\u00bb type=\u00bbfull_width\u00bb text_align=\u00bbleft\u00bb css_animation=\u00bb\u00bb][vc_column_inner offset=\u00bbvc_hidden-xs\u00bb][vc_empty_space height=\u00bb560px\u00bb][\/vc_column_inner][vc_column_inner offset=\u00bbvc_hidden-lg vc_hidden-md vc_hidden-sm\u00bb][vc_empty_space height=\u00bb400px\u00bb][\/vc_column_inner][\/vc_row_inner][\/vc_column][vc_column width=\u00bb2\/3&#8243;][vc_empty_space height=\u00bb100px\u00bb][vc_row_inner row_type=\u00bbrow\u00bb type=\u00bbfull_width\u00bb text_align=\u00bbleft\u00bb css_animation=\u00bb\u00bb][vc_column_inner width=\u00bb1\/12&#8243;][\/vc_column_inner][vc_column_inner el_class=\u00bbpadding\u00bb width=\u00bb10\/12&#8243;][vc_column_text]Jornadas sobre Tecnolog\u00eda y Nuevas Emergencias El&#8230;<\/p>\n","protected":false},"author":1,"featured_media":2262,"parent":51,"menu_order":0,"comment_status":"closed","ping_status":"closed","template":"full_width.php","meta":{"footnotes":""},"class_list":["post-57","page","type-page","status-publish","has-post-thumbnail","hentry"],"_links":{"self":[{"href":"https:\/\/www.112canarias.com\/112\/wp-json\/wp\/v2\/pages\/57","targetHints":{"allow":["GET"]}}],"collection":[{"href":"https:\/\/www.112canarias.com\/112\/wp-json\/wp\/v2\/pages"}],"about":[{"href":"https:\/\/www.112canarias.com\/112\/wp-json\/wp\/v2\/types\/page"}],"author":[{"embeddable":true,"href":"https:\/\/www.112canarias.com\/112\/wp-json\/wp\/v2\/users\/1"}],"replies":[{"embeddable":true,"href":"https:\/\/www.112canarias.com\/112\/wp-json\/wp\/v2\/comments?post=57"}],"version-history":[{"count":10,"href":"https:\/\/www.112canarias.com\/112\/wp-json\/wp\/v2\/pages\/57\/revisions"}],"predecessor-version":[{"id":2273,"href":"https:\/\/www.112canarias.com\/112\/wp-json\/wp\/v2\/pages\/57\/revisions\/2273"}],"up":[{"embeddable":true,"href":"https:\/\/www.112canarias.com\/112\/wp-json\/wp\/v2\/pages\/51"}],"wp:featuredmedia":[{"embeddable":true,"href":"https:\/\/www.112canarias.com\/112\/wp-json\/wp\/v2\/media\/2262"}],"wp:attachment":[{"href":"https:\/\/www.112canarias.com\/112\/wp-json\/wp\/v2\/media?parent=57"}],"curies":[{"name":"wp","href":"https:\/\/api.w.org\/{rel}","templated":true}]}}