{"id":59,"date":"2022-02-16T11:46:20","date_gmt":"2022-02-16T11:46:20","guid":{"rendered":"http:\/\/www.112canarias.com\/112\/?page_id=59"},"modified":"2025-04-22T09:55:55","modified_gmt":"2025-04-22T09:55:55","slug":"contactar","status":"publish","type":"page","link":"https:\/\/www.112canarias.com\/112\/contactar\/","title":{"rendered":"Contactar"},"content":{"rendered":"<p>[vc_row css_animation=\u00bb\u00bb row_type=\u00bbrow\u00bb use_row_as_full_screen_section=\u00bbno\u00bb type=\u00bbfull_width\u00bb angled_section=\u00bbno\u00bb text_align=\u00bbleft\u00bb background_image_as_pattern=\u00bbwithout_pattern\u00bb][vc_column width=\u00bb1\/6&#8243; css=\u00bb.vc_custom_1650445584137{background-image: url(https:\/\/www.112canarias.com\/112\/wp-content\/uploads\/2022\/04\/Formulario.jpg?id=522) !important;background-position: center !important;background-repeat: no-repeat !important;background-size: cover !important;}\u00bb offset=\u00bbvc_hidden-sm vc_hidden-xs\u00bb][vc_row_inner row_type=\u00bbrow\u00bb type=\u00bbfull_width\u00bb text_align=\u00bbleft\u00bb css_animation=\u00bb\u00bb][vc_column_inner offset=\u00bbvc_hidden-xs\u00bb][vc_empty_space height=\u00bb550px\u00bb][\/vc_column_inner][vc_column_inner offset=\u00bbvc_hidden-lg vc_hidden-md vc_hidden-sm\u00bb][vc_empty_space height=\u00bb400px\u00bb][\/vc_column_inner][\/vc_row_inner][\/vc_column][vc_column width=\u00bb2\/3&#8243;][vc_empty_space height=\u00bb100px\u00bb][vc_row_inner row_type=\u00bbrow\u00bb type=\u00bbfull_width\u00bb text_align=\u00bbleft\u00bb css_animation=\u00bb\u00bb][vc_column_inner width=\u00bb1\/12&#8243;][\/vc_column_inner][vc_column_inner el_class=\u00bbpadding\u00bb width=\u00bb10\/12&#8243;][vc_column_text]<\/p>\n<h1>Formulario<\/h1>\n<p>[\/vc_column_text][\/vc_column_inner][vc_column_inner width=\u00bb1\/12&#8243;][\/vc_column_inner][\/vc_row_inner][vc_row_inner row_type=\u00bbrow\u00bb type=\u00bbfull_width\u00bb text_align=\u00bbleft\u00bb css_animation=\u00bb\u00bb][vc_column_inner el_class=\u00bbpadding\u00bb width=\u00bb1\/12&#8243;][\/vc_column_inner][vc_column_inner el_class=\u00bbpadding\u00bb width=\u00bb10\/12&#8243;][vc_empty_space height=\u00bb30px\u00bb][vc_column_text]<strong>Horario de atenci\u00f3n al p\u00fablico y del registro: <\/strong><\/p>\n<p>De Lunes a viernes, de 09:00 a 14:00 horas<\/p>\n<p>Julio, agosto y septiembre: de 09:00 a 13:00 horas.[\/vc_column_text][vc_column_text el_class=\u00bbTextosLegales\u00bb]<\/p>\n<p style=\"text-align: left;\" align=\"justify\"><strong>Formulario web de Gesti\u00f3n de Servicios para la Salud y Seguridad en Canarias<br \/>\nINFORMACI\u00d3N B\u00c1SICA DE PROTECCI\u00d3N DE DATOS<br \/>\n<\/strong><\/p>\n<p style=\"text-align: left;\" align=\"justify\">Responsable del tratamiento GESTI\u00d3N DE SERVICIOS PARA LA SALUD Y SEGURIDAD EN CANARIAS S.A. &#8211; CIF A35378066 Contacto con el Delegado de Protecci\u00f3n de Datos: gscdpo@gsccanarias.com<br \/>\n<strong>Finalidad:<\/strong>\u00a0Los datos ser\u00e1n utilizados para la prestaci\u00f3n de los servicios, atender su solicitud y para la remisi\u00f3n de informaci\u00f3n de nuestra entidad si nos ha prestado su consentimiento.<br \/>\n<strong>Legitimaci\u00f3n:<\/strong>\u00a0Ejecuci\u00f3n de un contrato\/precontrato, obligaci\u00f3n legal y consentimiento del interesado.<br \/>\n<strong>Destinatarios:<\/strong>\u00a0Organismos obligados por Ley.<br \/>\n<strong>Derechos:<\/strong>\u00a0Pueden ejercer sus derechos de acceso, rectificaci\u00f3n, supresi\u00f3n y oposici\u00f3n, portabilidad, limitaci\u00f3n y a no ser objeto de decisiones automatizadas o retirar el consentimiento prestado.<br \/>\nSi no quiere recibir informaci\u00f3n de nuestra entidad puede revocar el consentimiento enviando un correo-e a gscprotecciondedatos@gsccanarias.com indicando en el apartado asunto \u00abBaja informaci\u00f3n\u00bb.<br \/>\n<strong>Informaci\u00f3n adicional:<\/strong>\u00a0Puede consultar la informaci\u00f3n adicional y detallada sobre protecci\u00f3n de datos en cualquiera de nuestras web www.gsccanarias.com , www.112canarias.com o www.succanarias.com o solicitar una copia a: gscprotecciondedatos@gsccanarias.com<\/p>\n<p align=\"justify\"><strong>IMPORTANTE<\/strong>: Debido a las caracter\u00edsticas de esta empresa, participada 100% con fondos p\u00fablicos, no es posible la admisi\u00f3n de\u00a0<em>curriculum vitae<\/em>\u00a0por esta v\u00eda. Todas las convocatorias de personal se encuentran publicadas en la secci\u00f3n\u00a0<a href=\"https:\/\/www.gsccanarias.com\/gsc\/ofertas-de-empleo\/\" data-wahfont=\"11\">Ofertas de Empleo<\/a>, donde se establece el proceso y el plazo de presentaci\u00f3n de candidaturas.<\/p>\n<p>[\/vc_column_text][vc_empty_space height=\u00bb30px\u00bb]\n<div class=\"wpcf7 no-js\" id=\"wpcf7-f140-o1\" lang=\"es-ES\" dir=\"ltr\" data-wpcf7-id=\"140\">\n<div class=\"screen-reader-response\"><p role=\"status\" aria-live=\"polite\" aria-atomic=\"true\"><\/p> <ul><\/ul><\/div>\n<form action=\"\/112\/wp-json\/wp\/v2\/pages\/59#wpcf7-f140-o1\" method=\"post\" class=\"wpcf7-form init default\" aria-label=\"Formulario de contacto\" novalidate=\"novalidate\" data-status=\"init\">\n<fieldset class=\"hidden-fields-container\"><input type=\"hidden\" name=\"_wpcf7\" value=\"140\" \/><input type=\"hidden\" name=\"_wpcf7_version\" value=\"6.1.5\" \/><input type=\"hidden\" name=\"_wpcf7_locale\" value=\"es_ES\" \/><input type=\"hidden\" name=\"_wpcf7_unit_tag\" value=\"wpcf7-f140-o1\" \/><input type=\"hidden\" name=\"_wpcf7_container_post\" value=\"0\" \/><input type=\"hidden\" name=\"_wpcf7_posted_data_hash\" value=\"\" \/><input type=\"hidden\" name=\"_wpcf7_recaptcha_response\" value=\"\" \/>\n<\/fieldset>\n<p><label>Nombre*<br \/>\n<span class=\"wpcf7-form-control-wrap\" data-name=\"your-name\"><input size=\"40\" maxlength=\"400\" class=\"wpcf7-form-control wpcf7-text wpcf7-validates-as-required\" aria-required=\"true\" aria-invalid=\"false\" placeholder=\"(OBLIGATORIO) - Ind\u00edquenos su nombre para poder dirigirnos a usted.\" value=\"\" type=\"text\" name=\"your-name\" \/><\/span><\/label><br \/>\n<label>Apellidos*<br \/>\n<span class=\"wpcf7-form-control-wrap\" data-name=\"apellidos\"><input size=\"40\" maxlength=\"400\" class=\"wpcf7-form-control wpcf7-text wpcf7-validates-as-required\" aria-required=\"true\" aria-invalid=\"false\" placeholder=\"(OBLIGATORIO) - Ind\u00edquenos su\/s apellido\/s para poder dirigirnos a usted.\" value=\"\" type=\"text\" name=\"apellidos\" \/><\/span><\/label><br \/>\n<label>Direcci\u00f3n email*<br \/>\n<span class=\"wpcf7-form-control-wrap\" data-name=\"your-email\"><input size=\"40\" maxlength=\"400\" class=\"wpcf7-form-control wpcf7-email wpcf7-validates-as-required wpcf7-text wpcf7-validates-as-email\" aria-required=\"true\" aria-invalid=\"false\" placeholder=\"(OBLIGATORIO) - Ind\u00edquenos la direcci\u00f3n de correo electr\u00f3nico por la que podamos ponernos en contacto con usted.\" value=\"\" type=\"email\" name=\"your-email\" \/><\/span><\/label><br \/>\n<label>Tel\u00e9fono*<br \/>\n<span class=\"wpcf7-form-control-wrap\" data-name=\"tel-51\"><input size=\"40\" maxlength=\"400\" class=\"wpcf7-form-control wpcf7-tel wpcf7-validates-as-required wpcf7-text wpcf7-validates-as-tel\" aria-required=\"true\" aria-invalid=\"false\" placeholder=\"(OBLIGATORIO) - Por favor ind\u00edquenos un n\u00famero de tel\u00e9fono en el cual poder localizarle.\" value=\"\" type=\"tel\" name=\"tel-51\" \/><\/span><\/label><br \/>\n<label>Asunto*<br \/>\n<span class=\"wpcf7-form-control-wrap\" data-name=\"asunto\"><input size=\"40\" maxlength=\"400\" class=\"wpcf7-form-control wpcf7-text wpcf7-validates-as-required\" aria-required=\"true\" aria-invalid=\"false\" placeholder=\"(OBLIGATORIO) - Escriba de forma concisa el motivo de su comunicaci\u00f3n.\" value=\"\" type=\"text\" name=\"asunto\" \/><\/span><\/label><br \/>\n<label>Mensaje<br \/>\n<span class=\"wpcf7-form-control-wrap\" data-name=\"your-message\"><textarea cols=\"40\" rows=\"10\" maxlength=\"2000\" class=\"wpcf7-form-control wpcf7-textarea\" aria-invalid=\"false\" placeholder=\"(OPCIONAL) - En este apartado puede desarrollar en profundidad el motivo de su comunicaci\u00f3n y el mensaje que nos quiera hacer llegar.\" name=\"your-message\"><\/textarea><\/span> <\/label><br \/>\n<span class=\"wpcf7-form-control-wrap\" data-name=\"acceptance-180\"><span class=\"wpcf7-form-control wpcf7-acceptance\"><span class=\"wpcf7-list-item\"><label><input type=\"checkbox\" name=\"acceptance-180\" value=\"1\" aria-invalid=\"false\" \/><span class=\"wpcf7-list-item-label\">(OBLIGATORIO) - Autorizo a que Gesti\u00f3n de Servicios para la Salud y Seguridad en Canarias trate mis datos personales para contactar conmigo<\/span><\/label><\/span><\/span><\/span>\n<\/p>\n<span class=\"wpcf7-form-control-wrap recaptcha\" data-name=\"recaptcha\"><span data-sitekey=\"6Le4EKYUAAAAAARgiV2e21N1n-_BXruQ5po0ymCB\" class=\"wpcf7-form-control wpcf7-recaptcha g-recaptcha\"><\/span>\r\n<noscript>\r\n\t<div class=\"grecaptcha-noscript\">\r\n\t\t<iframe loading=\"lazy\" src=\"https:\/\/www.google.com\/recaptcha\/api\/fallback?k=6Le4EKYUAAAAAARgiV2e21N1n-_BXruQ5po0ymCB\" frameborder=\"0\" scrolling=\"no\" width=\"310\" height=\"430\">\r\n\t\t<\/iframe>\r\n\t\t<textarea name=\"g-recaptcha-response\" rows=\"3\" cols=\"40\" placeholder=\"Aqu\u00ed la respuesta de reCAPTCHA\">\r\n\t\t<\/textarea>\r\n\t<\/div>\r\n<\/noscript>\r\n<\/span>\n<p><input class=\"wpcf7-form-control wpcf7-submit has-spinner\" type=\"submit\" value=\"Enviar\" \/>\n<\/p><div class=\"wpcf7-response-output\" aria-hidden=\"true\"><\/div>\n<\/form>\n<\/div>\n[\/vc_column_inner][vc_column_inner width=\u00bb1\/12&#8243;][\/vc_column_inner][\/vc_row_inner][vc_empty_space height=\u00bb70px\u00bb]<div class=\"qode-accordion-holder clearfix qode-toggle qode-initial \">\n\t<h4 class=\"clearfix qode-title-holder\">\n<span class=\"qode-tab-title\">\n\t    <span class=\"qode-tab-title-inner\">\n        Emergencias    <\/span>\n<\/span>\n<span class=\"qode-accordion-mark\">\n    <span class=\"qode-accordion-mark-icon\">\n        <span class=\"icon_plus\"><\/span>\n        <span class=\"icon_minus-06\"><\/span>\n    <\/span>\n<\/span>\n<\/h4>\n<div  class=\"qode-accordion-content \" >\n    <div class=\"qode-accordion-content-inner\">\n        [vc_column_text]Tel\u00e9fono para emergencias: 1-1-2<\/p>\n<p>Si se encuentra fuera de las Islas y necesita contactar con el 1-1-2 Canarias (Salas Operativas del CECOES 1-1-2 de Las Palmas o de Santa Cruz de Tenerife) por una situaci\u00f3n de URGENCIA O EMERGENCIA, puede acceder al servicio a trav\u00e9s de los siguientes n\u00fameros de tel\u00e9fonos NO GRATUITOS:<\/p>\n<p>Tel\u00e9fono provincia de Las Palmas: [+34] 928 495 601<br \/>\nTel\u00e9fono provincia de S\/C Tenerife: [+34] 922 470 501<\/p>\n<p>Seg\u00fan la legislaci\u00f3n vigente, todas las llamadas efectuadas a estos dos n\u00fameros de tel\u00e9fonos de la red telef\u00f3nica b\u00e1sica y al tel\u00e9fono de Emergencias 1-1-2, son grabadas y localizadas, lo que se les comunica a los efectos oportunos.<\/p>\n<p>En caso de usar un tel\u00e9fono sat\u00e9lite, podr\u00e1 acceder al servicio a trav\u00e9s de los n\u00fameros siguientes, siempre usando el c\u00f3digo internacional del pa\u00eds que en nuestro caso es 34:<\/p>\n<p>Tel\u00e9fono provincia de Las Palmas: +34 928 478 112<\/p>\n<p>Tel\u00e9fono provincia de S\/C Tenerife: +34 922 472 112[\/vc_column_text]    <\/div>\n<\/div><h4 class=\"clearfix qode-title-holder\">\n<span class=\"qode-tab-title\">\n\t    <span class=\"qode-tab-title-inner\">\n        Atenci\u00f3n personalizada    <\/span>\n<\/span>\n<span class=\"qode-accordion-mark\">\n    <span class=\"qode-accordion-mark-icon\">\n        <span class=\"icon_plus\"><\/span>\n        <span class=\"icon_minus-06\"><\/span>\n    <\/span>\n<\/span>\n<\/h4>\n<div  class=\"qode-accordion-content \" >\n    <div class=\"qode-accordion-content-inner\">\n        [vc_column_text]La Unidad de Atenci\u00f3n Personalizada de GSC es la responsable de la atender al usuario en la tramitaci\u00f3n de las solicitudes de certificados de asistencia, as\u00ed como de sus reclamaciones, quejas, sugerencias y felicitaciones.<\/p>\n<p>Para contactar con esta Unidad deber\u00e1 dirigir un correo electr\u00f3nico a la siguiente direcci\u00f3n: <a href=\"mailto:apersonalizada@gsccanarias.com\">apersonalizada@gsccanarias.com<\/a>[\/vc_column_text]    <\/div>\n<\/div><\/div>[vc_empty_space height=\u00bb70px\u00bb][\/vc_column][vc_column width=\u00bb1\/6&#8243; offset=\u00bbvc_hidden-lg vc_hidden-md\u00bb][\/vc_column][vc_column width=\u00bb1\/6&#8243;][\/vc_column][\/vc_row][vc_row css_animation=\u00bb\u00bb row_type=\u00bbrow\u00bb use_row_as_full_screen_section=\u00bbno\u00bb type=\u00bbfull_width\u00bb angled_section=\u00bbno\u00bb text_align=\u00bbleft\u00bb background_image_as_pattern=\u00bbwithout_pattern\u00bb css=\u00bb.vc_custom_1645098648672{background-color: #ffffff !important;}\u00bb z_index=\u00bb\u00bb][vc_column width=\u00bb1\/6&#8243; css=\u00bb.vc_custom_1642496553852{background-position: center !important;background-repeat: no-repeat !important;background-size: cover !important;}\u00bb][vc_row_inner row_type=\u00bbrow\u00bb type=\u00bbfull_width\u00bb text_align=\u00bbleft\u00bb css_animation=\u00bb\u00bb][vc_column_inner offset=\u00bbvc_hidden-xs\u00bb][\/vc_column_inner][vc_column_inner offset=\u00bbvc_hidden-lg vc_hidden-md vc_hidden-sm\u00bb][\/vc_column_inner][\/vc_row_inner][\/vc_column][vc_column width=\u00bb2\/3&#8243;][vc_empty_space height=\u00bb100px\u00bb el_class=\u00bbdisplayNone\u00bb][vc_row_inner row_type=\u00bbrow\u00bb type=\u00bbfull_width\u00bb text_align=\u00bbleft\u00bb css_animation=\u00bb\u00bb][vc_column_inner width=\u00bb1\/12&#8243;][\/vc_column_inner][vc_column_inner el_class=\u00bbpadding\u00bb width=\u00bb10\/12&#8243;][vc_column_text]<\/p>\n<h1>Contacto<\/h1>\n<p>[\/vc_column_text][\/vc_column_inner][vc_column_inner width=\u00bb1\/12&#8243;][\/vc_column_inner][\/vc_row_inner][vc_row_inner row_type=\u00bbrow\u00bb type=\u00bbfull_width\u00bb text_align=\u00bbleft\u00bb css_animation=\u00bb\u00bb][vc_column_inner el_class=\u00bbpadding\u00bb width=\u00bb1\/12&#8243;][\/vc_column_inner][vc_column_inner el_class=\u00bbpadding\u00bb width=\u00bb5\/12&#8243;][vc_empty_space height=\u00bb30px\u00bb][vc_column_text]<\/p>\n<p><strong>Gran Canaria: <\/strong><\/p>\n<p>C\/ Le\u00f3n y Castillo, 431. 5\u00aa planta<\/p>\n<p>Edificio de Servicios M\u00faltiples VI<\/p>\n<p>35007 &#8211; Las Palmas de Gran Canaria[\/vc_column_text][vc_empty_space height=\u00bb30px\u00bb][vc_column_text]<\/p>\n<p>Tel\u00e9fono: 928 498 600[\/vc_column_text][\/vc_column_inner][vc_column_inner el_class=\u00bbpadding\u00bb width=\u00bb5\/12&#8243;][vc_empty_space height=\u00bb30px\u00bb][vc_column_text]<\/p>\n<p><strong>Tenerife: <\/strong><\/p>\n<p>Avda. Bravo Murillo, n\u00ba3. Planta 5\u00aa<\/p>\n<p>Edificio Mapfre<\/p>\n<p>38003 &#8211; Santa Cruz de Tenerife[\/vc_column_text][vc_empty_space height=\u00bb30px\u00bb][vc_column_text]<\/p>\n<p>Tel\u00e9fono: 922 238 600[\/vc_column_text][\/vc_column_inner][vc_column_inner width=\u00bb1\/12&#8243;][\/vc_column_inner][\/vc_row_inner][vc_empty_space height=\u00bb70px\u00bb][vc_column_text]<\/p>\n<div class=\"x_elementToProof\" data-ogsc=\"rgb(0, 0, 0)\">\n<div class=\"x_elementToProof\" data-ogsc=\"rgb(0, 0, 0)\"><b data-ogsc=\"\" data-olk-copy-source=\"MessageBody\">Direcci\u00f3n fiscal<\/b><\/div>\n<div class=\"x_elementToProof\" data-ogsc=\"rgb(0, 0, 0)\"><\/div>\n<div class=\"x_elementToProof\" data-ogsc=\"rgb(0, 0, 0)\"><b data-ogsc=\"\">Gesti\u00f3n de Servicios para la Salud y Seguridad en Canarias S.A.<\/b><\/div>\n<div class=\"x_elementToProof\" data-ogsc=\"rgb(0, 0, 0)\">CIF: A35378066<\/div>\n<div class=\"x_elementToProof\" data-ogsc=\"rgb(0, 0, 0)\">Departamento Econ\u00f3mico<\/div>\n<div class=\"x_elementToProof\" data-ogsc=\"rgb(0, 0, 0)\">C\/ Calle Le\u00f3n y Castillo n\u00famero 431, 3\u00aa planta, derecha (Edificio Servicios M\u00faltiples VI)<\/div>\n<div class=\"x_elementToProof\" data-ogsc=\"rgb(0, 0, 0)\">C.P. 35007<\/div>\n<div class=\"x_elementToProof\" data-ogsc=\"rgb(0, 0, 0)\">Las Palmas de Gran Canaria<\/div>\n<\/div>\n<p>[\/vc_column_text][\/vc_column][vc_column width=\u00bb1\/6&#8243;][\/vc_column][\/vc_row]<\/p>\n<div class=\"print\"><span class=\"page_title\">P\u00e1gina: <span>Contactar<\/span><\/span>\n\t\t\t\t\t\t\t\t\t\t\t<span class=\"stmp_trans_date\">\u00daltima actualizaci\u00f3n: <span>22\/04\/2025 - 09:55:55<\/span><\/span>\n\t\t\t\t\t\t\t\t\t\t\t<span class=\"stmp_trans_date\">Fecha publicaci\u00f3n: <span>16\/02\/2022 - 11:46:20<\/span><\/span>\n\t\t\t\t\t\t\t\t\t\t\t<span class=\"stmp_trans_date\">Fecha creaci\u00f3n: <span>16\/02\/2022 - 11:46:20<\/span><\/span><\/div>","protected":false},"excerpt":{"rendered":"<p>[vc_row css_animation=\u00bb\u00bb row_type=\u00bbrow\u00bb use_row_as_full_screen_section=\u00bbno\u00bb type=\u00bbfull_width\u00bb angled_section=\u00bbno\u00bb text_align=\u00bbleft\u00bb background_image_as_pattern=\u00bbwithout_pattern\u00bb][vc_column width=\u00bb1\/6&#8243; css=\u00bb.vc_custom_1650445584137{background-image: url(https:\/\/www.112canarias.com\/112\/wp-content\/uploads\/2022\/04\/Formulario.jpg?id=522) !important;background-position: center !important;background-repeat: no-repeat !important;background-size: cover !important;}\u00bb offset=\u00bbvc_hidden-sm vc_hidden-xs\u00bb][vc_row_inner row_type=\u00bbrow\u00bb type=\u00bbfull_width\u00bb text_align=\u00bbleft\u00bb css_animation=\u00bb\u00bb][vc_column_inner offset=\u00bbvc_hidden-xs\u00bb][vc_empty_space height=\u00bb550px\u00bb][\/vc_column_inner][vc_column_inner offset=\u00bbvc_hidden-lg vc_hidden-md vc_hidden-sm\u00bb][vc_empty_space height=\u00bb400px\u00bb][\/vc_column_inner][\/vc_row_inner][\/vc_column][vc_column width=\u00bb2\/3&#8243;][vc_empty_space height=\u00bb100px\u00bb][vc_row_inner row_type=\u00bbrow\u00bb type=\u00bbfull_width\u00bb text_align=\u00bbleft\u00bb css_animation=\u00bb\u00bb][vc_column_inner width=\u00bb1\/12&#8243;][\/vc_column_inner][vc_column_inner el_class=\u00bbpadding\u00bb width=\u00bb10\/12&#8243;][vc_column_text] Formulario [\/vc_column_text][\/vc_column_inner][vc_column_inner width=\u00bb1\/12&#8243;][\/vc_column_inner][\/vc_row_inner][vc_row_inner row_type=\u00bbrow\u00bb type=\u00bbfull_width\u00bb text_align=\u00bbleft\u00bb&#8230;<\/p>\n","protected":false},"author":1,"featured_media":160,"parent":0,"menu_order":0,"comment_status":"closed","ping_status":"closed","template":"full_width.php","meta":{"footnotes":""},"class_list":["post-59","page","type-page","status-publish","has-post-thumbnail","hentry"],"_links":{"self":[{"href":"https:\/\/www.112canarias.com\/112\/wp-json\/wp\/v2\/pages\/59","targetHints":{"allow":["GET"]}}],"collection":[{"href":"https:\/\/www.112canarias.com\/112\/wp-json\/wp\/v2\/pages"}],"about":[{"href":"https:\/\/www.112canarias.com\/112\/wp-json\/wp\/v2\/types\/page"}],"author":[{"embeddable":true,"href":"https:\/\/www.112canarias.com\/112\/wp-json\/wp\/v2\/users\/1"}],"replies":[{"embeddable":true,"href":"https:\/\/www.112canarias.com\/112\/wp-json\/wp\/v2\/comments?post=59"}],"version-history":[{"count":29,"href":"https:\/\/www.112canarias.com\/112\/wp-json\/wp\/v2\/pages\/59\/revisions"}],"predecessor-version":[{"id":9137,"href":"https:\/\/www.112canarias.com\/112\/wp-json\/wp\/v2\/pages\/59\/revisions\/9137"}],"wp:featuredmedia":[{"embeddable":true,"href":"https:\/\/www.112canarias.com\/112\/wp-json\/"}],"wp:attachment":[{"href":"https:\/\/www.112canarias.com\/112\/wp-json\/wp\/v2\/media?parent=59"}],"curies":[{"name":"wp","href":"https:\/\/api.w.org\/{rel}","templated":true}]}}